{"id":12831,"date":"2025-01-24T15:54:12","date_gmt":"2025-01-24T15:54:12","guid":{"rendered":"https:\/\/viamedici.com\/informationspflichten\/"},"modified":"2025-04-30T09:27:04","modified_gmt":"2025-04-30T09:27:04","slug":"informationspflichten","status":"publish","type":"page","link":"https:\/\/viamedici.com\/de\/informationspflichten\/","title":{"rendered":"Informationspflichten"},"content":{"rendered":"\t\t<div data-elementor-type=\"wp-page\" data-elementor-id=\"12831\" class=\"elementor elementor-12831 elementor-8332\" data-elementor-post-type=\"page\">\n\t\t\t\t<div class=\"elementor-element elementor-element-1f4b5270 e-flex e-con-boxed e-con e-parent\" data-id=\"1f4b5270\" data-element_type=\"container\" data-e-type=\"container\">\n\t\t\t\t\t<div class=\"e-con-inner\">\n\t\t\t\t<div class=\"elementor-element elementor-element-40f7f3ea elementor-widget elementor-widget-text-editor\" data-id=\"40f7f3ea\" data-element_type=\"widget\" data-e-type=\"widget\" data-widget_type=\"text-editor.default\">\n\t\t\t\t<div class=\"elementor-widget-container\">\n\t\t\t\t\t\t\t\t\tSie haben \u00fcber einen Link dieses Dokument abgerufen, weil Sie sich \u00fcber unseren Umgang mit (Ihren) personenbezogenen Daten informieren wollen. Um unsere Informationspflichten nach den Art. 12 ff. der Datenschutz-Grundverordnung (DSGVO) zu erf\u00fcllen, stellen wir Ihnen nachfolgend gerne unsere Informationen zum Datenschutz dar:\r\n<h5><strong>1. Wer ist f\u00fcr die Datenverarbeitung verantwortlich<\/strong><\/h5>\r\nVerantwortlicher im Sinne des Datenschutzrechtes sind:\r\n\r\nViamedici Software GmbH und Viamedici Deutschland GmbH\r\nHertzstra\u00dfe 14\r\nD-76275 Ettlingen\r\n+49 7243 9498-0\r\n<a href=\"mailto:d.fischer-van-sickle@viamedici.de\">d.fischer-van-sickle@viamedici.de<\/a>\r\n\r\nSie finden weitere Informationen zu unserem Unternehmen, Angaben zu den vertretungsberechtigten Personen und auch weitere Kontaktm\u00f6glichkeiten im Impressum unserer Internetseite: <a href=\"http:\/\/www.viamedici.com\/de\/impressum\">www.viamedici.com\/de\/impressum<\/a>\r\n<h5><strong>2. Unser Datenschutzbeauftragter<\/strong><\/h5>\r\nDen von uns benannten Datenschutzbeauftragten erreichen Sie unter folgenden Kontaktm\u00f6glichkeiten:\r\n\r\nViamedici Software GmbH\r\n\r\nDer Datenschutzbeauftragte\r\n\r\nHertzstra\u00dfe 14-22 D-76275\r\n\r\nEttlingen\r\n\r\n+49 7243 9498-0\r\n\r\n<a href=\"mailto:data-privacy@viamedici.com\">data-privacy@viamedici.com<\/a>\r\n<h5><strong> 3. Welche Daten von Ihnen werden von uns verarbeitet?<\/strong> <strong>Und zu welchen Zwecken?<\/strong><\/h5>\r\nWenn Sie mit uns eine Gesch\u00e4ftsverbindung eingehen, erheben wir folgende Daten:\r\n\r\n\u2022 Anrede, Vorname, Nachname,\r\n\u2022 Name Ihrer Firma,\r\n\u2022 Anschrift,\r\n\u2022 Eine g\u00fcltige E-Mailadresse,\r\n\u2022 Telefonnummer (Festnetz und\/oder Mobil),\r\n\u2022 ggfs. Faxnummer.\r\n\r\nDie Erhebung dieser Daten erfolgt\r\n\u2022 F\u00fcr Interessentenbetreuung;\r\n\u2022 F\u00fcr Vertragsanbahnung\/-abschluss;\r\n\u2022 Um Sie angemessen betreuen zu k\u00f6nnen;\r\n\u2022 Zur Korrespondenz mit Ihnen;\r\n\u2022 Zu Werbezwecken, sofern wir nach \u00a7 7 Abs.3 UWG berechtigt sind oder Sie uns hierf\u00fcr eine Einwilligung erteilt haben.\r\n\r\nWir erheben und verwenden personenbezogene Daten unserer Nutzer grunds\u00e4tzlich nur, soweit dies zur Bereitstellung einer funktionsf\u00e4higen Website sowie unserer Inhalte und Leistungen erforderlich ist. Die Erhebung und Verwendung personenbezogener Daten unserer Nutzer erfolgt regelm\u00e4\u00dfig nur nach Einwilligung des Nutzers. Eine Ausnahme gilt in solchen F\u00e4llen, in denen eine vorherige Einholung einer Einwilligung aus tats\u00e4chlichen Gr\u00fcnden nicht m\u00f6glich ist und die Verarbeitung der Daten durch gesetzliche Vorschriften gestattet ist. Wir sind unter den gesetzlichen Voraussetzungen des \u00a7 7 Abs.3 UWG berechtigt, die E-Mail-Adresse, die Sie bei Vertragsabschluss angegeben haben, zur Direktwerbung f\u00fcr eigene \u00e4hnliche Waren oder Dienstleistungen zu nutzen. Diese Produktempfehlungen oder auch Zufriedenheitsumfragen erhalten Sie von uns unabh\u00e4ngig davon, ob Sie einen Newsletter abonniert haben. Wenn wir Daten von Ihnen erhalten haben, dann werden wir diese grunds\u00e4tzlich nur f\u00fcr die Zwecke verarbeiten, f\u00fcr die wir sie erhalten oder erhoben haben. Eine Datenverarbeitung zu anderen Zwecken kommt nur dann in Betracht, wenn die insoweit erforderlichen rechtlichen Vorgaben gem\u00e4\u00df Art. 6 Abs. 4 DSGVO vorliegen. Etwaige Informationspflichten nach Art. 13 Abs. 3 DSGVO und Art. 14 Abs. 4 DSGVO werden wir in dem Fall selbstverst\u00e4ndlich beachten.\r\n<h5><strong>4. Auf welcher rechtlichen Grundlage basiert das?<\/strong><\/h5>\r\nRechtsgrundlage f\u00fcr die Verarbeitung von personenbezogenen Daten ist grunds\u00e4tzlich \u2013 soweit es nicht noch spezifische Rechtsvorschriften gibt \u2013 Art. 6 DSGVO.\r\n\r\nHier kommen insbesondere folgende M\u00f6glichkeiten in Betracht:\r\n\r\n\u2022 Einwilligung (Art. 6 Abs. 1 lit. a) DSGVO)\r\n\u2022 Datenverarbeitung zur Erf\u00fcllung von Vertr\u00e4gen (Art. 6 Abs. 1 lit. b) DSGVO\r\n\u2022 Datenverarbeitung auf Basis einer Interessenabw\u00e4gung (Art. 6 Abs. 1 lit. f) DSGVO)\r\n\u2022 Datenverarbeitung zur Erf\u00fcllung einer rechtlichen Verpflichtung (Art. 6 Abs. 1 lit. c) DSGVO)\r\n\r\nWenn personenbezogene Daten auf Grundlage einer Einwilligung von Ihnen verarbeitet werden, haben Sie das Recht, die Einwilligung jederzeit mit Wirkung f\u00fcr die Zukunft uns gegen\u00fcber zu widerrufen. Wenn wir Daten auf Basis einer Interessenabw\u00e4gung verarbeiten, haben Sie als Betroffene\/r das Recht, unter Ber\u00fccksichtigung der Vorgaben von Art. 21 DSGVO der Verarbeitung der personenbezogenen Daten zu widersprechen.\r\n<h5><strong>5. Wie lange werden die Daten gespeichert?<\/strong><\/h5>\r\nWir verarbeiten die Daten, solange dies f\u00fcr den jeweiligen Zweck erforderlich ist. Soweit gesetzliche Aufbewahrungspflichten bestehen \u2013 z.B. im Handelsrecht oder Steuerrecht \u2013 werden die betreffenden personenbezogenen Daten f\u00fcr die Dauer der Aufbewahrungspflicht gespeichert. Nach Ablauf der Aufbewahrungspflicht wird gepr\u00fcft, ob eine weitere Erforderlichkeit f\u00fcr die Verarbeitung vorliegt. Liegt eine Erforderlichkeit nicht mehr vor, werden die Daten gel\u00f6scht. Grunds\u00e4tzlich nehmen wir gegen Ende eines Kalenderjahres eine Pr\u00fcfung von Daten im Hinblick auf das Erfordernis einer weiteren Verarbeitung vor. Aufgrund der Menge der Daten erfolgt diese Pr\u00fcfung im Hinblick auf spezifische Datenarten oder Zwecke einer Verarbeitung. Selbstverst\u00e4ndlich k\u00f6nnen Sie jederzeit (s.u.) Auskunft \u00fcber die bei uns zu Ihrer Person gespeicherten Daten verlangen und im Falle einer nicht bestehenden Erforderlichkeit eine L\u00f6schung der Daten oder Einschr\u00e4nkung der Verarbeitung verlangen\r\n<h5><strong>6. An welche Empf\u00e4nger werden die Daten weitergegeben?<\/strong><\/h5>\r\nEine Weitergabe Ihrer personenbezogenen Daten an Dritte findet grunds\u00e4tzlich nur statt, wenn dies f\u00fcr die Durchf\u00fchrung des Vertrages mit Ihnen erforderlich ist, die Weitergabe auf Basis einer Interessenabw\u00e4gung i.S.d. Art. 6 Abs. 1 lit. f) DSGVO zul\u00e4ssig ist, wir rechtlich zu der Weitergabe verpflichtet sind oder Sie insoweit eine Einwilligung erteilt haben.\r\n<h5><strong>7. Wo werden die Daten verarbeitet?<\/strong><\/h5>\r\nIhre personenbezogenen Daten werden von uns vorzugsweise in Rechenzentren in Deutschland bzw. Europa verarbeitet.\r\n<h5><strong>8. Ihre Rechte als \u201eBetroffene\/r\u201c<\/strong><\/h5>\r\nNach der EU-Datenschutzgrundverordnung stehen Ihnen folgende Rechte zu:\r\nWerden Ihre personenbezogenen Daten verarbeitet, so haben Sie das Recht, Auskunft \u00fcber die zu Ihrer Person gespeicherten Daten zu erhalten (Art. 15 DS-GVO). Bei einer Auskunftsanfrage, die nicht schriftlich \u00fcber eine bereits in unseren Systemen hinterlegte Kontaktadresse erfolgt, bitten wir um Verst\u00e4ndnis daf\u00fcr, dass wir ggf. Nachweise von Ihnen verlangen, die belegen, dass Sie die Person sind, f\u00fcr die Sie sich ausgeben. Sollten unrichtige personenbezogene Daten verarbeitet werden, steht Ihnen ein Recht auf Berichtigung zu (Art. 16 DS-GVO). Liegen die gesetzlichen Voraussetzungen vor, so k\u00f6nnen Sie die L\u00f6schung oder Einschr\u00e4nkung der Verarbeitung verlangen sowie Widerspruch gegen die Verarbeitung einlegen, ein Recht auf Daten\u00fcbertragbarkeit besteht ebenfalls (Art. 17, 18, 20 und 21 DS-GVO). Wenn Sie von Ihren oben genannten Rechten Gebrauch machen, pr\u00fcfen wir, ob die gesetzlichen Voraussetzungen hierf\u00fcr erf\u00fcllt sind. Insbesondere haben Sie ein Widerspruchsrecht nach Art. 21 Abs. 1 und 2 DSGVO gegen die Verarbeitung Ihrer Daten im Zusammenhang mit einer Direktwerbung, wenn diese auf Basis einer Interessenabw\u00e4gung erfolgt.\r\n\r\nWeitere Informationen entnehmen Sie bitte unserer ausf\u00fchrlichen Datenschutzerkl\u00e4rung im Internet unter:\r\n<a href=\"http:\/\/www.viamedici.com\/de\/datenschutz\">www.viamedici.com\/de\/datenschutz<\/a>\r\noder wir senden Ihnen diese Informationen auf Anfrage auch gerne zu. Zur Aus\u00fcbung Ihrer Rechte wenden Sie sich bitte an den Datenschutzbeauftragten.\r\n<h5><strong>9. Beschwerderecht<\/strong><\/h5>\r\nSie haben das Recht, sich \u00fcber die Verarbeitung personenbezogenen Daten durch uns bei der zust\u00e4ndigen Aufsichtsbeh\u00f6rde f\u00fcr den Datenschutz zu beschweren.\r\n\r\nDer Landesbeauftragte f\u00fcr den Datenschutz Baden-W\u00fcrttemberg Postfach 10 29 32\r\n70025 Stuttgart\r\noder:\r\nK\u00f6nigstra\u00dfe 10a\r\n70173 Stuttgart\r\nTelefon: 07 11\/61 55 41 \u2013 0\r\nTelefax: 07 11\/61 55 41 \u2013 15\r\nE-Mail: <a href=\"mailto:poststelle@lfdi.bwl.de\">poststelle@lfdi.bwl.de<\/a>\t\t\t\t\t\t\t\t<\/div>\n\t\t\t\t<\/div>\n\t\t\t\t\t<\/div>\n\t\t\t\t<\/div>\n\t\t\t\t<\/div>\n\t\t","protected":false},"excerpt":{"rendered":"<p>Sie haben \u00fcber einen Link dieses Dokument abgerufen, weil Sie sich \u00fcber unseren Umgang mit (Ihren) personenbezogenen Daten informieren wollen. Um unsere Informationspflichten nach den Art. 12 ff. der Datenschutz-Grundverordnung (DSGVO) zu erf\u00fcllen, stellen wir Ihnen nachfolgend gerne unsere Informationen zum Datenschutz dar: 1. Wer ist f\u00fcr die Datenverarbeitung verantwortlich Verantwortlicher im Sinne des Datenschutzrechtes [&hellip;]<\/p>\n","protected":false},"author":3,"featured_media":13908,"parent":0,"menu_order":0,"comment_status":"closed","ping_status":"closed","template":"","meta":{"_acf_changed":false,"content-type":"","footnotes":""},"class_list":["post-12831","page","type-page","status-publish","has-post-thumbnail","hentry"],"acf":[],"_links":{"self":[{"href":"https:\/\/viamedici.com\/de\/wp-json\/wp\/v2\/pages\/12831","targetHints":{"allow":["GET"]}}],"collection":[{"href":"https:\/\/viamedici.com\/de\/wp-json\/wp\/v2\/pages"}],"about":[{"href":"https:\/\/viamedici.com\/de\/wp-json\/wp\/v2\/types\/page"}],"author":[{"embeddable":true,"href":"https:\/\/viamedici.com\/de\/wp-json\/wp\/v2\/users\/3"}],"replies":[{"embeddable":true,"href":"https:\/\/viamedici.com\/de\/wp-json\/wp\/v2\/comments?post=12831"}],"version-history":[{"count":5,"href":"https:\/\/viamedici.com\/de\/wp-json\/wp\/v2\/pages\/12831\/revisions"}],"predecessor-version":[{"id":14139,"href":"https:\/\/viamedici.com\/de\/wp-json\/wp\/v2\/pages\/12831\/revisions\/14139"}],"wp:featuredmedia":[{"embeddable":true,"href":"https:\/\/viamedici.com\/de\/wp-json\/wp\/v2\/media\/13908"}],"wp:attachment":[{"href":"https:\/\/viamedici.com\/de\/wp-json\/wp\/v2\/media?parent=12831"}],"curies":[{"name":"wp","href":"https:\/\/api.w.org\/{rel}","templated":true}]}}