{"id":14434,"date":"2025-04-14T11:52:44","date_gmt":"2025-04-14T11:52:44","guid":{"rendered":"https:\/\/viamedici.com\/produktdatengaudi-2025\/"},"modified":"2025-04-23T09:34:02","modified_gmt":"2025-04-23T09:34:02","slug":"produktdatengaudi-2025","status":"publish","type":"page","link":"https:\/\/viamedici.com\/de\/produktdatengaudi-2025\/","title":{"rendered":"Produktdatengaudi 2025"},"content":{"rendered":"\t\t<div data-elementor-type=\"wp-page\" data-elementor-id=\"14434\" class=\"elementor elementor-14434 elementor-14342\" data-elementor-post-type=\"page\">\n\t\t\t\t<div class=\"elementor-element elementor-element-6439333 e-flex e-con-boxed e-con e-parent\" data-id=\"6439333\" data-element_type=\"container\" data-e-type=\"container\" data-settings=\"{&quot;background_background&quot;:&quot;classic&quot;}\">\n\t\t\t\t\t<div class=\"e-con-inner\">\n\t\t\t\t\t<\/div>\n\t\t\t\t<\/div>\n\t\t<div class=\"elementor-element elementor-element-f481fbf e-flex e-con-boxed e-con e-parent\" data-id=\"f481fbf\" data-element_type=\"container\" data-e-type=\"container\">\n\t\t\t\t\t<div class=\"e-con-inner\">\n\t\t\t\t<div class=\"elementor-element elementor-element-cd9b463 elementor-widget elementor-widget-gallery\" data-id=\"cd9b463\" data-element_type=\"widget\" data-e-type=\"widget\" data-settings=\"{&quot;gallery_layout&quot;:&quot;masonry&quot;,&quot;lazyload&quot;:&quot;yes&quot;,&quot;columns&quot;:4,&quot;columns_tablet&quot;:2,&quot;columns_mobile&quot;:1,&quot;gap&quot;:{&quot;unit&quot;:&quot;px&quot;,&quot;size&quot;:10,&quot;sizes&quot;:[]},&quot;gap_tablet&quot;:{&quot;unit&quot;:&quot;px&quot;,&quot;size&quot;:10,&quot;sizes&quot;:[]},&quot;gap_mobile&quot;:{&quot;unit&quot;:&quot;px&quot;,&quot;size&quot;:10,&quot;sizes&quot;:[]},&quot;link_to&quot;:&quot;file&quot;,&quot;overlay_background&quot;:&quot;yes&quot;,&quot;content_hover_animation&quot;:&quot;fade-in&quot;}\" data-widget_type=\"gallery.default\">\n\t\t\t\t<div class=\"elementor-widget-container\">\n\t\t\t\t\t\t\t<div class=\"elementor-gallery__container\">\n\t\t\t\t\t\t\t<a class=\"e-gallery-item elementor-gallery-item elementor-animated-content\" href=\"https:\/\/viamedici.com\/wp-content\/uploads\/2024\/05\/Website-photo-shapes-4.png\" data-elementor-open-lightbox=\"yes\" data-elementor-lightbox-slideshow=\"cd9b463\" data-e-action-hash=\"#elementor-action%3Aaction%3Dlightbox%26settings%3DeyJpZCI6MjUzMSwidXJsIjoiaHR0cHM6XC9cL3ZpYW1lZGljaS5jb21cL3dwLWNvbnRlbnRcL3VwbG9hZHNcLzIwMjRcLzA1XC9XZWJzaXRlLXBob3RvLXNoYXBlcy00LnBuZyIsInNsaWRlc2hvdyI6ImNkOWI0NjMifQ%3D%3D\">\n\t\t\t\t\t<div class=\"e-gallery-image elementor-gallery-item__image\" data-thumbnail=\"https:\/\/viamedici.com\/wp-content\/uploads\/2024\/05\/Website-photo-shapes-4.png\" data-width=\"\" data-height=\"\" aria-label=\"\" role=\"img\" ><\/div>\n\t\t\t\t\t\t\t\t\t\t\t<div class=\"elementor-gallery-item__overlay\"><\/div>\n\t\t\t\t\t\t\t\t\t\t\t\t\t\t<\/a>\n\t\t\t\t\t\t\t<a class=\"e-gallery-item elementor-gallery-item elementor-animated-content\" href=\"https:\/\/viamedici.com\/wp-content\/uploads\/2024\/07\/Website-photo-shapes-10.png\" data-elementor-open-lightbox=\"yes\" data-elementor-lightbox-slideshow=\"cd9b463\" data-e-action-hash=\"#elementor-action%3Aaction%3Dlightbox%26settings%3DeyJpZCI6MjU1OCwidXJsIjoiaHR0cHM6XC9cL3ZpYW1lZGljaS5jb21cL3dwLWNvbnRlbnRcL3VwbG9hZHNcLzIwMjRcLzA3XC9XZWJzaXRlLXBob3RvLXNoYXBlcy0xMC5wbmciLCJzbGlkZXNob3ciOiJjZDliNDYzIn0%3D\">\n\t\t\t\t\t<div class=\"e-gallery-image elementor-gallery-item__image\" data-thumbnail=\"https:\/\/viamedici.com\/wp-content\/uploads\/2024\/07\/Website-photo-shapes-10.png\" data-width=\"\" data-height=\"\" aria-label=\"\" role=\"img\" ><\/div>\n\t\t\t\t\t\t\t\t\t\t\t<div class=\"elementor-gallery-item__overlay\"><\/div>\n\t\t\t\t\t\t\t\t\t\t\t\t\t\t<\/a>\n\t\t\t\t\t\t\t<a class=\"e-gallery-item elementor-gallery-item elementor-animated-content\" href=\"https:\/\/viamedici.com\/wp-content\/uploads\/2024\/07\/7Q7A7385-scaled.jpg\" data-elementor-open-lightbox=\"yes\" data-elementor-lightbox-slideshow=\"cd9b463\" data-e-action-hash=\"#elementor-action%3Aaction%3Dlightbox%26settings%3DeyJpZCI6MjU1MSwidXJsIjoiaHR0cHM6XC9cL3ZpYW1lZGljaS5jb21cL3dwLWNvbnRlbnRcL3VwbG9hZHNcLzIwMjRcLzA3XC83UTdBNzM4NS1zY2FsZWQuanBnIiwic2xpZGVzaG93IjoiY2Q5YjQ2MyJ9\">\n\t\t\t\t\t<div class=\"e-gallery-image elementor-gallery-item__image\" data-thumbnail=\"https:\/\/viamedici.com\/wp-content\/uploads\/2024\/07\/7Q7A7385-scaled.jpg\" data-width=\"\" data-height=\"\" aria-label=\"\" role=\"img\" ><\/div>\n\t\t\t\t\t\t\t\t\t\t\t<div class=\"elementor-gallery-item__overlay\"><\/div>\n\t\t\t\t\t\t\t\t\t\t\t\t\t\t<\/a>\n\t\t\t\t\t\t\t<a class=\"e-gallery-item elementor-gallery-item elementor-animated-content\" href=\"https:\/\/viamedici.com\/wp-content\/uploads\/2024\/07\/7Q7A7427-scaled.jpg\" data-elementor-open-lightbox=\"yes\" data-elementor-lightbox-slideshow=\"cd9b463\" data-e-action-hash=\"#elementor-action%3Aaction%3Dlightbox%26settings%3DeyJpZCI6MjU1NiwidXJsIjoiaHR0cHM6XC9cL3ZpYW1lZGljaS5jb21cL3dwLWNvbnRlbnRcL3VwbG9hZHNcLzIwMjRcLzA3XC83UTdBNzQyNy1zY2FsZWQuanBnIiwic2xpZGVzaG93IjoiY2Q5YjQ2MyJ9\">\n\t\t\t\t\t<div class=\"e-gallery-image elementor-gallery-item__image\" data-thumbnail=\"https:\/\/viamedici.com\/wp-content\/uploads\/2024\/07\/7Q7A7427-scaled.jpg\" data-width=\"\" data-height=\"\" aria-label=\"\" role=\"img\" ><\/div>\n\t\t\t\t\t\t\t\t\t\t\t<div class=\"elementor-gallery-item__overlay\"><\/div>\n\t\t\t\t\t\t\t\t\t\t\t\t\t\t<\/a>\n\t\t\t\t\t\t\t<a class=\"e-gallery-item elementor-gallery-item elementor-animated-content\" href=\"https:\/\/viamedici.com\/wp-content\/uploads\/2024\/05\/7Q7A7191-scaled.jpg\" data-elementor-open-lightbox=\"yes\" data-elementor-lightbox-slideshow=\"cd9b463\" data-e-action-hash=\"#elementor-action%3Aaction%3Dlightbox%26settings%3DeyJpZCI6MjUyMSwidXJsIjoiaHR0cHM6XC9cL3ZpYW1lZGljaS5jb21cL3dwLWNvbnRlbnRcL3VwbG9hZHNcLzIwMjRcLzA1XC83UTdBNzE5MS1zY2FsZWQuanBnIiwic2xpZGVzaG93IjoiY2Q5YjQ2MyJ9\">\n\t\t\t\t\t<div class=\"e-gallery-image elementor-gallery-item__image\" data-thumbnail=\"https:\/\/viamedici.com\/wp-content\/uploads\/2024\/05\/7Q7A7191-scaled.jpg\" data-width=\"\" data-height=\"\" aria-label=\"\" role=\"img\" ><\/div>\n\t\t\t\t\t\t\t\t\t\t\t<div class=\"elementor-gallery-item__overlay\"><\/div>\n\t\t\t\t\t\t\t\t\t\t\t\t\t\t<\/a>\n\t\t\t\t\t\t\t<a class=\"e-gallery-item elementor-gallery-item elementor-animated-content\" href=\"https:\/\/viamedici.com\/wp-content\/uploads\/2024\/07\/7Q7A6956-scaled.jpg\" data-elementor-open-lightbox=\"yes\" data-elementor-lightbox-slideshow=\"cd9b463\" data-e-action-hash=\"#elementor-action%3Aaction%3Dlightbox%26settings%3DeyJpZCI6MjU1NCwidXJsIjoiaHR0cHM6XC9cL3ZpYW1lZGljaS5jb21cL3dwLWNvbnRlbnRcL3VwbG9hZHNcLzIwMjRcLzA3XC83UTdBNjk1Ni1zY2FsZWQuanBnIiwic2xpZGVzaG93IjoiY2Q5YjQ2MyJ9\">\n\t\t\t\t\t<div class=\"e-gallery-image elementor-gallery-item__image\" data-thumbnail=\"https:\/\/viamedici.com\/wp-content\/uploads\/2024\/07\/7Q7A6956-scaled.jpg\" data-width=\"\" data-height=\"\" aria-label=\"\" role=\"img\" ><\/div>\n\t\t\t\t\t\t\t\t\t\t\t<div class=\"elementor-gallery-item__overlay\"><\/div>\n\t\t\t\t\t\t\t\t\t\t\t\t\t\t<\/a>\n\t\t\t\t\t\t\t<a class=\"e-gallery-item elementor-gallery-item elementor-animated-content\" href=\"https:\/\/viamedici.com\/wp-content\/uploads\/2024\/07\/7Q7A7214-scaled.jpg\" data-elementor-open-lightbox=\"yes\" data-elementor-lightbox-slideshow=\"cd9b463\" data-e-action-hash=\"#elementor-action%3Aaction%3Dlightbox%26settings%3DeyJpZCI6MjU0OSwidXJsIjoiaHR0cHM6XC9cL3ZpYW1lZGljaS5jb21cL3dwLWNvbnRlbnRcL3VwbG9hZHNcLzIwMjRcLzA3XC83UTdBNzIxNC1zY2FsZWQuanBnIiwic2xpZGVzaG93IjoiY2Q5YjQ2MyJ9\">\n\t\t\t\t\t<div class=\"e-gallery-image elementor-gallery-item__image\" data-thumbnail=\"https:\/\/viamedici.com\/wp-content\/uploads\/2024\/07\/7Q7A7214-scaled.jpg\" data-width=\"\" data-height=\"\" aria-label=\"\" role=\"img\" ><\/div>\n\t\t\t\t\t\t\t\t\t\t\t<div class=\"elementor-gallery-item__overlay\"><\/div>\n\t\t\t\t\t\t\t\t\t\t\t\t\t\t<\/a>\n\t\t\t\t\t\t\t<a class=\"e-gallery-item elementor-gallery-item elementor-animated-content\" href=\"https:\/\/viamedici.com\/wp-content\/uploads\/2024\/05\/7Q7A7142-1-scaled.jpg\" data-elementor-open-lightbox=\"yes\" data-elementor-lightbox-slideshow=\"cd9b463\" data-e-action-hash=\"#elementor-action%3Aaction%3Dlightbox%26settings%3DeyJpZCI6MjUxOSwidXJsIjoiaHR0cHM6XC9cL3ZpYW1lZGljaS5jb21cL3dwLWNvbnRlbnRcL3VwbG9hZHNcLzIwMjRcLzA1XC83UTdBNzE0Mi0xLXNjYWxlZC5qcGciLCJzbGlkZXNob3ciOiJjZDliNDYzIn0%3D\">\n\t\t\t\t\t<div class=\"e-gallery-image elementor-gallery-item__image\" data-thumbnail=\"https:\/\/viamedici.com\/wp-content\/uploads\/2024\/05\/7Q7A7142-1-scaled.jpg\" data-width=\"\" data-height=\"\" aria-label=\"\" role=\"img\" ><\/div>\n\t\t\t\t\t\t\t\t\t\t\t<div class=\"elementor-gallery-item__overlay\"><\/div>\n\t\t\t\t\t\t\t\t\t\t\t\t\t\t<\/a>\n\t\t\t\t\t\t\t<a class=\"e-gallery-item elementor-gallery-item elementor-animated-content\" href=\"https:\/\/viamedici.com\/wp-content\/uploads\/2024\/07\/Website-photo-shapes-12.png\" data-elementor-open-lightbox=\"yes\" data-elementor-lightbox-slideshow=\"cd9b463\" data-e-action-hash=\"#elementor-action%3Aaction%3Dlightbox%26settings%3DeyJpZCI6MjU1OSwidXJsIjoiaHR0cHM6XC9cL3ZpYW1lZGljaS5jb21cL3dwLWNvbnRlbnRcL3VwbG9hZHNcLzIwMjRcLzA3XC9XZWJzaXRlLXBob3RvLXNoYXBlcy0xMi5wbmciLCJzbGlkZXNob3ciOiJjZDliNDYzIn0%3D\">\n\t\t\t\t\t<div class=\"e-gallery-image elementor-gallery-item__image\" data-thumbnail=\"https:\/\/viamedici.com\/wp-content\/uploads\/2024\/07\/Website-photo-shapes-12.png\" data-width=\"\" data-height=\"\" aria-label=\"\" role=\"img\" ><\/div>\n\t\t\t\t\t\t\t\t\t\t\t<div class=\"elementor-gallery-item__overlay\"><\/div>\n\t\t\t\t\t\t\t\t\t\t\t\t\t\t<\/a>\n\t\t\t\t\t\t\t<a class=\"e-gallery-item elementor-gallery-item elementor-animated-content\" href=\"https:\/\/viamedici.com\/wp-content\/uploads\/2024\/05\/Website-photo-shapes-9.png\" data-elementor-open-lightbox=\"yes\" data-elementor-lightbox-slideshow=\"cd9b463\" data-e-action-hash=\"#elementor-action%3Aaction%3Dlightbox%26settings%3DeyJpZCI6MjU0MiwidXJsIjoiaHR0cHM6XC9cL3ZpYW1lZGljaS5jb21cL3dwLWNvbnRlbnRcL3VwbG9hZHNcLzIwMjRcLzA1XC9XZWJzaXRlLXBob3RvLXNoYXBlcy05LnBuZyIsInNsaWRlc2hvdyI6ImNkOWI0NjMifQ%3D%3D\">\n\t\t\t\t\t<div class=\"e-gallery-image elementor-gallery-item__image\" data-thumbnail=\"https:\/\/viamedici.com\/wp-content\/uploads\/2024\/05\/Website-photo-shapes-9.png\" data-width=\"\" data-height=\"\" aria-label=\"\" role=\"img\" ><\/div>\n\t\t\t\t\t\t\t\t\t\t\t<div class=\"elementor-gallery-item__overlay\"><\/div>\n\t\t\t\t\t\t\t\t\t\t\t\t\t\t<\/a>\n\t\t\t\t\t\t\t<a class=\"e-gallery-item elementor-gallery-item elementor-animated-content\" href=\"https:\/\/viamedici.com\/wp-content\/uploads\/2024\/07\/7Q7A7238-scaled.jpg\" data-elementor-open-lightbox=\"yes\" data-elementor-lightbox-slideshow=\"cd9b463\" data-e-action-hash=\"#elementor-action%3Aaction%3Dlightbox%26settings%3DeyJpZCI6MjU1MCwidXJsIjoiaHR0cHM6XC9cL3ZpYW1lZGljaS5jb21cL3dwLWNvbnRlbnRcL3VwbG9hZHNcLzIwMjRcLzA3XC83UTdBNzIzOC1zY2FsZWQuanBnIiwic2xpZGVzaG93IjoiY2Q5YjQ2MyJ9\">\n\t\t\t\t\t<div class=\"e-gallery-image elementor-gallery-item__image\" data-thumbnail=\"https:\/\/viamedici.com\/wp-content\/uploads\/2024\/07\/7Q7A7238-scaled.jpg\" data-width=\"\" data-height=\"\" aria-label=\"\" role=\"img\" ><\/div>\n\t\t\t\t\t\t\t\t\t\t\t<div class=\"elementor-gallery-item__overlay\"><\/div>\n\t\t\t\t\t\t\t\t\t\t\t\t\t\t<\/a>\n\t\t\t\t\t\t\t<a class=\"e-gallery-item elementor-gallery-item elementor-animated-content\" href=\"https:\/\/viamedici.com\/wp-content\/uploads\/2024\/05\/7Q7A7781-1-scaled.jpg\" data-elementor-open-lightbox=\"yes\" data-elementor-lightbox-slideshow=\"cd9b463\" data-e-action-hash=\"#elementor-action%3Aaction%3Dlightbox%26settings%3DeyJpZCI6MjUyNSwidXJsIjoiaHR0cHM6XC9cL3ZpYW1lZGljaS5jb21cL3dwLWNvbnRlbnRcL3VwbG9hZHNcLzIwMjRcLzA1XC83UTdBNzc4MS0xLXNjYWxlZC5qcGciLCJzbGlkZXNob3ciOiJjZDliNDYzIn0%3D\">\n\t\t\t\t\t<div class=\"e-gallery-image elementor-gallery-item__image\" data-thumbnail=\"https:\/\/viamedici.com\/wp-content\/uploads\/2024\/05\/7Q7A7781-1-scaled.jpg\" data-width=\"\" data-height=\"\" aria-label=\"\" role=\"img\" ><\/div>\n\t\t\t\t\t\t\t\t\t\t\t<div class=\"elementor-gallery-item__overlay\"><\/div>\n\t\t\t\t\t\t\t\t\t\t\t\t\t\t<\/a>\n\t\t\t\t\t<\/div>\n\t\t\t\t\t<\/div>\n\t\t\t\t<\/div>\n\t\t\t\t<div class=\"elementor-element elementor-element-3cf0009 elementor-widget elementor-widget-heading\" data-id=\"3cf0009\" data-element_type=\"widget\" data-e-type=\"widget\" data-widget_type=\"heading.default\">\n\t\t\t\t<div class=\"elementor-widget-container\">\n\t\t\t\t\t<h2 class=\"elementor-heading-title elementor-size-default\">Produktdatengaudi 2025<\/h2>\t\t\t\t<\/div>\n\t\t\t\t<\/div>\n\t\t\t\t<div class=\"elementor-element elementor-element-08d46af elementor-widget elementor-widget-text-editor\" data-id=\"08d46af\" data-element_type=\"widget\" data-e-type=\"widget\" data-widget_type=\"text-editor.default\">\n\t\t\t\t<div class=\"elementor-widget-container\">\n\t\t\t\t\t\t\t\t\t<h5>27. Mai 2025 | Steinbergs Alm, Sundern, Deutschland<\/h5>\n<p class=\"\" data-start=\"57\" data-end=\"231\">Wir freuen uns, Teil der <strong data-start=\"82\" data-end=\"124\">valantic\/Nexoma Produktdatengaudi 2025<\/strong> zu sein \u2013 dem absoluten Pflicht-Event rund um Produktdaten, MDM und PIM in einem au\u00dfergew\u00f6hnlichen Rahmen.<\/p>\n<p class=\"\" data-start=\"233\" data-end=\"407\"><strong data-start=\"233\" data-end=\"248\">Hajo Hensel<\/strong>, Vice President DACH bei Viamedici, wird spannende Einblicke in seiner Pr\u00e4sentation <strong>&#8222;Intelligent Product Data in Real Time&#8220;<\/strong> zu den neuesten Innovationen und praxisnahe Anwendungen unserer fortschrittlichen L\u00f6sungen geben.<\/p>\n<p class=\"\" data-start=\"409\" data-end=\"649\">Verpassen Sie nicht die Gelegenheit, sich mit Branchenkolleg:innen zu vernetzen, Ideen auszutauschen und zu entdecken, wie Viamedici die Zukunft des <strong data-start=\"558\" data-end=\"590\">Master Data Management (MDM)<\/strong> und <strong data-start=\"595\" data-end=\"635\">Product Information Management (PIM)<\/strong> mitgestaltet.<\/p>\n\t\t\t\t\t\t\t\t<\/div>\n\t\t\t\t<\/div>\n\t\t\t\t<div class=\"elementor-element elementor-element-68b7f0b elementor-mobile-align-center elementor-widget elementor-widget-button\" data-id=\"68b7f0b\" data-element_type=\"widget\" data-e-type=\"widget\" data-widget_type=\"button.default\">\n\t\t\t\t<div class=\"elementor-widget-container\">\n\t\t\t\t\t\t\t\t\t<div class=\"elementor-button-wrapper\">\n\t\t\t\t\t<a class=\"elementor-button elementor-button-link elementor-size-md\" href=\"https:\/\/hubs.la\/Q03dfwG80\" target=\"_blank\" rel=\"noopener\">\n\t\t\t\t\t\t<span class=\"elementor-button-content-wrapper\">\n\t\t\t\t\t\t\t\t\t<span class=\"elementor-button-text\">Mehr Erfahren<\/span>\n\t\t\t\t\t<\/span>\n\t\t\t\t\t<\/a>\n\t\t\t\t<\/div>\n\t\t\t\t\t\t\t\t<\/div>\n\t\t\t\t<\/div>\n\t\t\t\t\t<\/div>\n\t\t\t\t<\/div>\n\t\t\t\t<\/div>\n\t\t","protected":false},"excerpt":{"rendered":"<p>Produktdatengaudi 2025 27. Mai 2025 | Steinbergs Alm, Sundern, Deutschland Wir freuen uns, Teil der valantic\/Nexoma Produktdatengaudi 2025 zu sein \u2013 dem absoluten Pflicht-Event rund um Produktdaten, MDM und PIM in einem au\u00dfergew\u00f6hnlichen Rahmen. Hajo Hensel, Vice President DACH bei Viamedici, wird spannende Einblicke in seiner Pr\u00e4sentation &#8222;Intelligent Product Data in Real Time&#8220; zu den [&hellip;]<\/p>\n","protected":false},"author":3,"featured_media":14357,"parent":0,"menu_order":0,"comment_status":"closed","ping_status":"closed","template":"elementor_header_footer","meta":{"_acf_changed":false,"content-type":"","footnotes":""},"class_list":["post-14434","page","type-page","status-publish","has-post-thumbnail","hentry"],"acf":[],"_links":{"self":[{"href":"https:\/\/viamedici.com\/de\/wp-json\/wp\/v2\/pages\/14434","targetHints":{"allow":["GET"]}}],"collection":[{"href":"https:\/\/viamedici.com\/de\/wp-json\/wp\/v2\/pages"}],"about":[{"href":"https:\/\/viamedici.com\/de\/wp-json\/wp\/v2\/types\/page"}],"author":[{"embeddable":true,"href":"https:\/\/viamedici.com\/de\/wp-json\/wp\/v2\/users\/3"}],"replies":[{"embeddable":true,"href":"https:\/\/viamedici.com\/de\/wp-json\/wp\/v2\/comments?post=14434"}],"version-history":[{"count":5,"href":"https:\/\/viamedici.com\/de\/wp-json\/wp\/v2\/pages\/14434\/revisions"}],"predecessor-version":[{"id":14644,"href":"https:\/\/viamedici.com\/de\/wp-json\/wp\/v2\/pages\/14434\/revisions\/14644"}],"wp:featuredmedia":[{"embeddable":true,"href":"https:\/\/viamedici.com\/de\/wp-json\/wp\/v2\/media\/14357"}],"wp:attachment":[{"href":"https:\/\/viamedici.com\/de\/wp-json\/wp\/v2\/media?parent=14434"}],"curies":[{"name":"wp","href":"https:\/\/api.w.org\/{rel}","templated":true}]}}