{"id":6772,"date":"2024-07-19T17:54:41","date_gmt":"2024-07-19T17:54:41","guid":{"rendered":"https:\/\/viamedici.com\/innovation-day\/"},"modified":"2025-06-02T18:56:28","modified_gmt":"2025-06-02T18:56:28","slug":"innovation-day","status":"publish","type":"page","link":"https:\/\/viamedici.com\/de\/innovation-day\/","title":{"rendered":"Innovation Day"},"content":{"rendered":"\t\t<div data-elementor-type=\"wp-page\" data-elementor-id=\"6772\" class=\"elementor elementor-6772 elementor-2147\" data-elementor-post-type=\"page\">\n\t\t\t\t<div class=\"elementor-element elementor-element-6439333 e-flex e-con-boxed e-con e-parent\" data-id=\"6439333\" data-element_type=\"container\" data-e-type=\"container\" data-settings=\"{&quot;background_background&quot;:&quot;classic&quot;}\">\n\t\t\t\t\t<div class=\"e-con-inner\">\n\t\t<div class=\"elementor-element elementor-element-f88a592 e-grid e-con-full elementor-hidden-mobile e-con e-child\" data-id=\"f88a592\" data-element_type=\"container\" data-e-type=\"container\">\n\t\t<div class=\"elementor-element elementor-element-afa3f1a e-con-full e-flex e-con e-child\" data-id=\"afa3f1a\" data-element_type=\"container\" data-e-type=\"container\">\n\t\t\t\t<\/div>\n\t\t\t\t<\/div>\n\t\t<div class=\"elementor-element elementor-element-3587de2 e-con-full e-flex e-con e-child\" data-id=\"3587de2\" data-element_type=\"container\" data-e-type=\"container\" data-settings=\"{&quot;background_background&quot;:&quot;gradient&quot;}\">\n\t\t<div class=\"elementor-element elementor-element-0650ad2 e-con-full e-flex elementor-invisible e-con e-child\" data-id=\"0650ad2\" data-element_type=\"container\" data-e-type=\"container\" data-settings=\"{&quot;animation&quot;:&quot;fadeInDown&quot;}\">\n\t\t\t\t<div class=\"elementor-element elementor-element-f06e664 elementor-widget elementor-widget-image\" data-id=\"f06e664\" data-element_type=\"widget\" data-e-type=\"widget\" data-widget_type=\"image.default\">\n\t\t\t\t<div class=\"elementor-widget-container\">\n\t\t\t\t\t\t\t\t\t\t\t\t\t\t\t<img fetchpriority=\"high\" decoding=\"async\" width=\"800\" height=\"209\" src=\"https:\/\/viamedici.com\/wp-content\/uploads\/2025\/02\/LOGO-IDAY_1-1024x268.png\" class=\"attachment-large size-large wp-image-13212\" alt=\"\" srcset=\"https:\/\/viamedici.com\/wp-content\/uploads\/2025\/02\/LOGO-IDAY_1-1024x268.png 1024w, https:\/\/viamedici.com\/wp-content\/uploads\/2025\/02\/LOGO-IDAY_1-300x79.png 300w, https:\/\/viamedici.com\/wp-content\/uploads\/2025\/02\/LOGO-IDAY_1-768x201.png 768w, https:\/\/viamedici.com\/wp-content\/uploads\/2025\/02\/LOGO-IDAY_1-1536x402.png 1536w, https:\/\/viamedici.com\/wp-content\/uploads\/2025\/02\/LOGO-IDAY_1-2048x536.png 2048w\" sizes=\"(max-width: 800px) 100vw, 800px\" \/>\t\t\t\t\t\t\t\t\t\t\t\t\t\t\t<\/div>\n\t\t\t\t<\/div>\n\t\t\t\t<\/div>\n\t\t\t\t<\/div>\n\t\t\t\t\t<\/div>\n\t\t\t\t<\/div>\n\t\t<div class=\"elementor-element elementor-element-f481fbf e-flex e-con-boxed e-con e-parent\" data-id=\"f481fbf\" data-element_type=\"container\" data-e-type=\"container\">\n\t\t\t\t\t<div class=\"e-con-inner\">\n\t\t\t\t<div class=\"elementor-element elementor-element-3cf0009 elementor-widget elementor-widget-heading\" data-id=\"3cf0009\" data-element_type=\"widget\" data-e-type=\"widget\" data-widget_type=\"heading.default\">\n\t\t\t\t<div class=\"elementor-widget-container\">\n\t\t\t\t\t<h2 class=\"elementor-heading-title elementor-size-default\">R\u00fcckblick auf den Innovation Day 2024<\/h2>\t\t\t\t<\/div>\n\t\t\t\t<\/div>\n\t\t\t\t<div class=\"elementor-element elementor-element-cd9b463 elementor-widget elementor-widget-gallery\" data-id=\"cd9b463\" data-element_type=\"widget\" data-e-type=\"widget\" data-settings=\"{&quot;gallery_layout&quot;:&quot;masonry&quot;,&quot;lazyload&quot;:&quot;yes&quot;,&quot;columns&quot;:4,&quot;columns_tablet&quot;:2,&quot;columns_mobile&quot;:1,&quot;gap&quot;:{&quot;unit&quot;:&quot;px&quot;,&quot;size&quot;:10,&quot;sizes&quot;:[]},&quot;gap_tablet&quot;:{&quot;unit&quot;:&quot;px&quot;,&quot;size&quot;:10,&quot;sizes&quot;:[]},&quot;gap_mobile&quot;:{&quot;unit&quot;:&quot;px&quot;,&quot;size&quot;:10,&quot;sizes&quot;:[]},&quot;link_to&quot;:&quot;file&quot;,&quot;overlay_background&quot;:&quot;yes&quot;,&quot;content_hover_animation&quot;:&quot;fade-in&quot;}\" data-widget_type=\"gallery.default\">\n\t\t\t\t<div class=\"elementor-widget-container\">\n\t\t\t\t\t\t\t<div class=\"elementor-gallery__container\">\n\t\t\t\t\t\t\t<a class=\"e-gallery-item elementor-gallery-item elementor-animated-content\" href=\"https:\/\/viamedici.com\/wp-content\/uploads\/2024\/05\/Website-photo-shapes-4.png\" data-elementor-open-lightbox=\"yes\" data-elementor-lightbox-slideshow=\"cd9b463\" data-e-action-hash=\"#elementor-action%3Aaction%3Dlightbox%26settings%3DeyJpZCI6MjUzMSwidXJsIjoiaHR0cHM6XC9cL3ZpYW1lZGljaS5jb21cL3dwLWNvbnRlbnRcL3VwbG9hZHNcLzIwMjRcLzA1XC9XZWJzaXRlLXBob3RvLXNoYXBlcy00LnBuZyIsInNsaWRlc2hvdyI6ImNkOWI0NjMifQ%3D%3D\">\n\t\t\t\t\t<div class=\"e-gallery-image elementor-gallery-item__image\" data-thumbnail=\"https:\/\/viamedici.com\/wp-content\/uploads\/2024\/05\/Website-photo-shapes-4.png\" data-width=\"\" data-height=\"\" aria-label=\"\" role=\"img\" ><\/div>\n\t\t\t\t\t\t\t\t\t\t\t<div class=\"elementor-gallery-item__overlay\"><\/div>\n\t\t\t\t\t\t\t\t\t\t\t\t\t\t<\/a>\n\t\t\t\t\t\t\t<a class=\"e-gallery-item elementor-gallery-item elementor-animated-content\" href=\"https:\/\/viamedici.com\/wp-content\/uploads\/2024\/07\/Website-photo-shapes-10.png\" data-elementor-open-lightbox=\"yes\" data-elementor-lightbox-slideshow=\"cd9b463\" data-e-action-hash=\"#elementor-action%3Aaction%3Dlightbox%26settings%3DeyJpZCI6MjU1OCwidXJsIjoiaHR0cHM6XC9cL3ZpYW1lZGljaS5jb21cL3dwLWNvbnRlbnRcL3VwbG9hZHNcLzIwMjRcLzA3XC9XZWJzaXRlLXBob3RvLXNoYXBlcy0xMC5wbmciLCJzbGlkZXNob3ciOiJjZDliNDYzIn0%3D\">\n\t\t\t\t\t<div class=\"e-gallery-image elementor-gallery-item__image\" data-thumbnail=\"https:\/\/viamedici.com\/wp-content\/uploads\/2024\/07\/Website-photo-shapes-10.png\" data-width=\"\" data-height=\"\" aria-label=\"\" role=\"img\" ><\/div>\n\t\t\t\t\t\t\t\t\t\t\t<div class=\"elementor-gallery-item__overlay\"><\/div>\n\t\t\t\t\t\t\t\t\t\t\t\t\t\t<\/a>\n\t\t\t\t\t\t\t<a class=\"e-gallery-item elementor-gallery-item elementor-animated-content\" href=\"https:\/\/viamedici.com\/wp-content\/uploads\/2024\/07\/7Q7A7385-scaled.jpg\" data-elementor-open-lightbox=\"yes\" data-elementor-lightbox-slideshow=\"cd9b463\" data-e-action-hash=\"#elementor-action%3Aaction%3Dlightbox%26settings%3DeyJpZCI6MjU1MSwidXJsIjoiaHR0cHM6XC9cL3ZpYW1lZGljaS5jb21cL3dwLWNvbnRlbnRcL3VwbG9hZHNcLzIwMjRcLzA3XC83UTdBNzM4NS1zY2FsZWQuanBnIiwic2xpZGVzaG93IjoiY2Q5YjQ2MyJ9\">\n\t\t\t\t\t<div class=\"e-gallery-image elementor-gallery-item__image\" data-thumbnail=\"https:\/\/viamedici.com\/wp-content\/uploads\/2024\/07\/7Q7A7385-scaled.jpg\" data-width=\"\" data-height=\"\" aria-label=\"\" role=\"img\" ><\/div>\n\t\t\t\t\t\t\t\t\t\t\t<div class=\"elementor-gallery-item__overlay\"><\/div>\n\t\t\t\t\t\t\t\t\t\t\t\t\t\t<\/a>\n\t\t\t\t\t\t\t<a class=\"e-gallery-item elementor-gallery-item elementor-animated-content\" href=\"https:\/\/viamedici.com\/wp-content\/uploads\/2024\/07\/7Q7A7427-scaled.jpg\" data-elementor-open-lightbox=\"yes\" data-elementor-lightbox-slideshow=\"cd9b463\" data-e-action-hash=\"#elementor-action%3Aaction%3Dlightbox%26settings%3DeyJpZCI6MjU1NiwidXJsIjoiaHR0cHM6XC9cL3ZpYW1lZGljaS5jb21cL3dwLWNvbnRlbnRcL3VwbG9hZHNcLzIwMjRcLzA3XC83UTdBNzQyNy1zY2FsZWQuanBnIiwic2xpZGVzaG93IjoiY2Q5YjQ2MyJ9\">\n\t\t\t\t\t<div class=\"e-gallery-image elementor-gallery-item__image\" data-thumbnail=\"https:\/\/viamedici.com\/wp-content\/uploads\/2024\/07\/7Q7A7427-scaled.jpg\" data-width=\"\" data-height=\"\" aria-label=\"\" role=\"img\" ><\/div>\n\t\t\t\t\t\t\t\t\t\t\t<div class=\"elementor-gallery-item__overlay\"><\/div>\n\t\t\t\t\t\t\t\t\t\t\t\t\t\t<\/a>\n\t\t\t\t\t\t\t<a class=\"e-gallery-item elementor-gallery-item elementor-animated-content\" href=\"https:\/\/viamedici.com\/wp-content\/uploads\/2024\/05\/7Q7A7191-scaled.jpg\" data-elementor-open-lightbox=\"yes\" data-elementor-lightbox-slideshow=\"cd9b463\" data-e-action-hash=\"#elementor-action%3Aaction%3Dlightbox%26settings%3DeyJpZCI6MjUyMSwidXJsIjoiaHR0cHM6XC9cL3ZpYW1lZGljaS5jb21cL3dwLWNvbnRlbnRcL3VwbG9hZHNcLzIwMjRcLzA1XC83UTdBNzE5MS1zY2FsZWQuanBnIiwic2xpZGVzaG93IjoiY2Q5YjQ2MyJ9\">\n\t\t\t\t\t<div class=\"e-gallery-image elementor-gallery-item__image\" data-thumbnail=\"https:\/\/viamedici.com\/wp-content\/uploads\/2024\/05\/7Q7A7191-scaled.jpg\" data-width=\"\" data-height=\"\" aria-label=\"\" role=\"img\" ><\/div>\n\t\t\t\t\t\t\t\t\t\t\t<div class=\"elementor-gallery-item__overlay\"><\/div>\n\t\t\t\t\t\t\t\t\t\t\t\t\t\t<\/a>\n\t\t\t\t\t\t\t<a class=\"e-gallery-item elementor-gallery-item elementor-animated-content\" href=\"https:\/\/viamedici.com\/wp-content\/uploads\/2024\/07\/7Q7A6956-scaled.jpg\" data-elementor-open-lightbox=\"yes\" data-elementor-lightbox-slideshow=\"cd9b463\" data-e-action-hash=\"#elementor-action%3Aaction%3Dlightbox%26settings%3DeyJpZCI6MjU1NCwidXJsIjoiaHR0cHM6XC9cL3ZpYW1lZGljaS5jb21cL3dwLWNvbnRlbnRcL3VwbG9hZHNcLzIwMjRcLzA3XC83UTdBNjk1Ni1zY2FsZWQuanBnIiwic2xpZGVzaG93IjoiY2Q5YjQ2MyJ9\">\n\t\t\t\t\t<div class=\"e-gallery-image elementor-gallery-item__image\" data-thumbnail=\"https:\/\/viamedici.com\/wp-content\/uploads\/2024\/07\/7Q7A6956-scaled.jpg\" data-width=\"\" data-height=\"\" aria-label=\"\" role=\"img\" ><\/div>\n\t\t\t\t\t\t\t\t\t\t\t<div class=\"elementor-gallery-item__overlay\"><\/div>\n\t\t\t\t\t\t\t\t\t\t\t\t\t\t<\/a>\n\t\t\t\t\t\t\t<a class=\"e-gallery-item elementor-gallery-item elementor-animated-content\" href=\"https:\/\/viamedici.com\/wp-content\/uploads\/2024\/07\/7Q7A7214-scaled.jpg\" data-elementor-open-lightbox=\"yes\" data-elementor-lightbox-slideshow=\"cd9b463\" data-e-action-hash=\"#elementor-action%3Aaction%3Dlightbox%26settings%3DeyJpZCI6MjU0OSwidXJsIjoiaHR0cHM6XC9cL3ZpYW1lZGljaS5jb21cL3dwLWNvbnRlbnRcL3VwbG9hZHNcLzIwMjRcLzA3XC83UTdBNzIxNC1zY2FsZWQuanBnIiwic2xpZGVzaG93IjoiY2Q5YjQ2MyJ9\">\n\t\t\t\t\t<div class=\"e-gallery-image elementor-gallery-item__image\" data-thumbnail=\"https:\/\/viamedici.com\/wp-content\/uploads\/2024\/07\/7Q7A7214-scaled.jpg\" data-width=\"\" data-height=\"\" aria-label=\"\" role=\"img\" ><\/div>\n\t\t\t\t\t\t\t\t\t\t\t<div class=\"elementor-gallery-item__overlay\"><\/div>\n\t\t\t\t\t\t\t\t\t\t\t\t\t\t<\/a>\n\t\t\t\t\t\t\t<a class=\"e-gallery-item elementor-gallery-item elementor-animated-content\" href=\"https:\/\/viamedici.com\/wp-content\/uploads\/2024\/05\/7Q7A7142-1-scaled.jpg\" data-elementor-open-lightbox=\"yes\" data-elementor-lightbox-slideshow=\"cd9b463\" data-e-action-hash=\"#elementor-action%3Aaction%3Dlightbox%26settings%3DeyJpZCI6MjUxOSwidXJsIjoiaHR0cHM6XC9cL3ZpYW1lZGljaS5jb21cL3dwLWNvbnRlbnRcL3VwbG9hZHNcLzIwMjRcLzA1XC83UTdBNzE0Mi0xLXNjYWxlZC5qcGciLCJzbGlkZXNob3ciOiJjZDliNDYzIn0%3D\">\n\t\t\t\t\t<div class=\"e-gallery-image elementor-gallery-item__image\" data-thumbnail=\"https:\/\/viamedici.com\/wp-content\/uploads\/2024\/05\/7Q7A7142-1-scaled.jpg\" data-width=\"\" data-height=\"\" aria-label=\"\" role=\"img\" ><\/div>\n\t\t\t\t\t\t\t\t\t\t\t<div class=\"elementor-gallery-item__overlay\"><\/div>\n\t\t\t\t\t\t\t\t\t\t\t\t\t\t<\/a>\n\t\t\t\t\t\t\t<a class=\"e-gallery-item elementor-gallery-item elementor-animated-content\" href=\"https:\/\/viamedici.com\/wp-content\/uploads\/2024\/07\/Website-photo-shapes-12.png\" data-elementor-open-lightbox=\"yes\" data-elementor-lightbox-slideshow=\"cd9b463\" data-e-action-hash=\"#elementor-action%3Aaction%3Dlightbox%26settings%3DeyJpZCI6MjU1OSwidXJsIjoiaHR0cHM6XC9cL3ZpYW1lZGljaS5jb21cL3dwLWNvbnRlbnRcL3VwbG9hZHNcLzIwMjRcLzA3XC9XZWJzaXRlLXBob3RvLXNoYXBlcy0xMi5wbmciLCJzbGlkZXNob3ciOiJjZDliNDYzIn0%3D\">\n\t\t\t\t\t<div class=\"e-gallery-image elementor-gallery-item__image\" data-thumbnail=\"https:\/\/viamedici.com\/wp-content\/uploads\/2024\/07\/Website-photo-shapes-12.png\" data-width=\"\" data-height=\"\" aria-label=\"\" role=\"img\" ><\/div>\n\t\t\t\t\t\t\t\t\t\t\t<div class=\"elementor-gallery-item__overlay\"><\/div>\n\t\t\t\t\t\t\t\t\t\t\t\t\t\t<\/a>\n\t\t\t\t\t\t\t<a class=\"e-gallery-item elementor-gallery-item elementor-animated-content\" href=\"https:\/\/viamedici.com\/wp-content\/uploads\/2024\/05\/Website-photo-shapes-9.png\" data-elementor-open-lightbox=\"yes\" data-elementor-lightbox-slideshow=\"cd9b463\" data-e-action-hash=\"#elementor-action%3Aaction%3Dlightbox%26settings%3DeyJpZCI6MjU0MiwidXJsIjoiaHR0cHM6XC9cL3ZpYW1lZGljaS5jb21cL3dwLWNvbnRlbnRcL3VwbG9hZHNcLzIwMjRcLzA1XC9XZWJzaXRlLXBob3RvLXNoYXBlcy05LnBuZyIsInNsaWRlc2hvdyI6ImNkOWI0NjMifQ%3D%3D\">\n\t\t\t\t\t<div class=\"e-gallery-image elementor-gallery-item__image\" data-thumbnail=\"https:\/\/viamedici.com\/wp-content\/uploads\/2024\/05\/Website-photo-shapes-9.png\" data-width=\"\" data-height=\"\" aria-label=\"\" role=\"img\" ><\/div>\n\t\t\t\t\t\t\t\t\t\t\t<div class=\"elementor-gallery-item__overlay\"><\/div>\n\t\t\t\t\t\t\t\t\t\t\t\t\t\t<\/a>\n\t\t\t\t\t\t\t<a class=\"e-gallery-item elementor-gallery-item elementor-animated-content\" href=\"https:\/\/viamedici.com\/wp-content\/uploads\/2024\/07\/7Q7A7238-scaled.jpg\" data-elementor-open-lightbox=\"yes\" data-elementor-lightbox-slideshow=\"cd9b463\" data-e-action-hash=\"#elementor-action%3Aaction%3Dlightbox%26settings%3DeyJpZCI6MjU1MCwidXJsIjoiaHR0cHM6XC9cL3ZpYW1lZGljaS5jb21cL3dwLWNvbnRlbnRcL3VwbG9hZHNcLzIwMjRcLzA3XC83UTdBNzIzOC1zY2FsZWQuanBnIiwic2xpZGVzaG93IjoiY2Q5YjQ2MyJ9\">\n\t\t\t\t\t<div class=\"e-gallery-image elementor-gallery-item__image\" data-thumbnail=\"https:\/\/viamedici.com\/wp-content\/uploads\/2024\/07\/7Q7A7238-scaled.jpg\" data-width=\"\" data-height=\"\" aria-label=\"\" role=\"img\" ><\/div>\n\t\t\t\t\t\t\t\t\t\t\t<div class=\"elementor-gallery-item__overlay\"><\/div>\n\t\t\t\t\t\t\t\t\t\t\t\t\t\t<\/a>\n\t\t\t\t\t\t\t<a class=\"e-gallery-item elementor-gallery-item elementor-animated-content\" href=\"https:\/\/viamedici.com\/wp-content\/uploads\/2024\/05\/7Q7A7781-1-scaled.jpg\" data-elementor-open-lightbox=\"yes\" data-elementor-lightbox-slideshow=\"cd9b463\" data-e-action-hash=\"#elementor-action%3Aaction%3Dlightbox%26settings%3DeyJpZCI6MjUyNSwidXJsIjoiaHR0cHM6XC9cL3ZpYW1lZGljaS5jb21cL3dwLWNvbnRlbnRcL3VwbG9hZHNcLzIwMjRcLzA1XC83UTdBNzc4MS0xLXNjYWxlZC5qcGciLCJzbGlkZXNob3ciOiJjZDliNDYzIn0%3D\">\n\t\t\t\t\t<div class=\"e-gallery-image elementor-gallery-item__image\" data-thumbnail=\"https:\/\/viamedici.com\/wp-content\/uploads\/2024\/05\/7Q7A7781-1-scaled.jpg\" data-width=\"\" data-height=\"\" aria-label=\"\" role=\"img\" ><\/div>\n\t\t\t\t\t\t\t\t\t\t\t<div class=\"elementor-gallery-item__overlay\"><\/div>\n\t\t\t\t\t\t\t\t\t\t\t\t\t\t<\/a>\n\t\t\t\t\t<\/div>\n\t\t\t\t\t<\/div>\n\t\t\t\t<\/div>\n\t\t\t\t\t<\/div>\n\t\t\t\t<\/div>\n\t\t<div class=\"elementor-element elementor-element-382864b e-flex e-con-boxed e-con e-parent\" data-id=\"382864b\" data-element_type=\"container\" data-e-type=\"container\" data-settings=\"{&quot;background_background&quot;:&quot;classic&quot;}\">\n\t\t\t\t\t<div class=\"e-con-inner\">\n\t\t<div class=\"elementor-element elementor-element-77bfc6e e-con-full e-flex e-con e-child\" data-id=\"77bfc6e\" data-element_type=\"container\" data-e-type=\"container\" data-settings=\"{&quot;background_background&quot;:&quot;classic&quot;}\">\n\t\t<div class=\"elementor-element elementor-element-dbd49cd e-con-full e-flex elementor-invisible e-con e-child\" data-id=\"dbd49cd\" data-element_type=\"container\" data-e-type=\"container\" data-settings=\"{&quot;animation&quot;:&quot;fadeInLeft&quot;}\">\n\t\t\t\t<div class=\"elementor-element elementor-element-93a1785 elementor-widget elementor-widget-heading\" data-id=\"93a1785\" data-element_type=\"widget\" data-e-type=\"widget\" data-widget_type=\"heading.default\">\n\t\t\t\t<div class=\"elementor-widget-container\">\n\t\t\t\t\t<h2 class=\"elementor-heading-title elementor-size-default\">Viamedici CEO k\u00fcndigt EPIM5 Plattform an<\/h2>\t\t\t\t<\/div>\n\t\t\t\t<\/div>\n\t\t\t\t<div class=\"elementor-element elementor-element-7639b25 elementor-widget__width-initial elementor-widget elementor-widget-heading\" data-id=\"7639b25\" data-element_type=\"widget\" data-e-type=\"widget\" data-widget_type=\"heading.default\">\n\t\t\t\t<div class=\"elementor-widget-container\">\n\t\t\t\t\t<h2 class=\"elementor-heading-title elementor-size-default\">Viamedici CEO, J\u00fcrgen M\u00fcller <br>k\u00fcndigt EPIM5 <br>am Innovation Day 2024 an<\/h2>\t\t\t\t<\/div>\n\t\t\t\t<\/div>\n\t\t\t\t<\/div>\n\t\t<div class=\"elementor-element elementor-element-daf36d8 e-con-full elementor-hidden-tablet e-flex e-con e-child\" data-id=\"daf36d8\" data-element_type=\"container\" data-e-type=\"container\">\n\t\t\t\t<\/div>\n\t\t\t\t<\/div>\n\t\t\t\t\t<\/div>\n\t\t\t\t<\/div>\n\t\t<div class=\"elementor-element elementor-element-2df87d9 e-flex e-con-boxed e-con e-parent\" data-id=\"2df87d9\" data-element_type=\"container\" data-e-type=\"container\">\n\t\t\t\t\t<div class=\"e-con-inner\">\n\t\t<div class=\"elementor-element elementor-element-e8dc036 e-con-full e-flex elementor-invisible e-con e-child\" data-id=\"e8dc036\" data-element_type=\"container\" data-e-type=\"container\" data-settings=\"{&quot;animation&quot;:&quot;fadeInUp&quot;}\">\n\t\t\t\t<div class=\"elementor-element elementor-element-053b6f8 elementor-widget elementor-widget-heading\" data-id=\"053b6f8\" data-element_type=\"widget\" data-e-type=\"widget\" data-widget_type=\"heading.default\">\n\t\t\t\t<div class=\"elementor-widget-container\">\n\t\t\t\t\t<h2 class=\"elementor-heading-title elementor-size-default\">Das Event<\/h2>\t\t\t\t<\/div>\n\t\t\t\t<\/div>\n\t\t\t\t<div class=\"elementor-element elementor-element-0d69a08 elementor-widget elementor-widget-text-editor\" data-id=\"0d69a08\" data-element_type=\"widget\" data-e-type=\"widget\" data-widget_type=\"text-editor.default\">\n\t\t\t\t<div class=\"elementor-widget-container\">\n\t\t\t\t\t\t\t\t\t<p><span style=\"font-weight: 400;\">Der Innovation Day 2024 bot eine Vielzahl von Vortr\u00e4gen und Keynotes, die den Teilnehmern die Gelegenheit gaben, sich mit Experten auszutauschen und wertvolle Einblicke zu gewinnen.\u00a0Schauen Sie sie sich auf unserem <a href=\"https:\/\/www.youtube.com\/playlist?list=PLyKeQYEQUsXi9e9tStMHbAXOGDrh3uztF\" target=\"_blank\" rel=\"noopener\">Youtube-Kanal<\/a> an!<\/span><\/p>\n\t\t\t\t\t\t\t\t<\/div>\n\t\t\t\t<\/div>\n\t\t<div class=\"elementor-element elementor-element-a1f7471 e-grid e-con-boxed elementor-invisible e-con e-child\" data-id=\"a1f7471\" data-element_type=\"container\" data-e-type=\"container\" data-settings=\"{&quot;animation&quot;:&quot;fadeIn&quot;}\">\n\t\t\t\t\t<div class=\"e-con-inner\">\n\t\t\t\t<div class=\"elementor-element elementor-element-f33adcb elementor-widget elementor-widget-image\" data-id=\"f33adcb\" data-element_type=\"widget\" data-e-type=\"widget\" data-widget_type=\"image.default\">\n\t\t\t\t<div class=\"elementor-widget-container\">\n\t\t\t\t\t\t\t\t\t\t\t\t\t\t\t<img decoding=\"async\" width=\"800\" height=\"450\" src=\"https:\/\/viamedici.com\/wp-content\/uploads\/2024\/05\/VM_Youtube-Thumbnails_Master-1-1024x576.png\" class=\"attachment-large size-large wp-image-2538\" alt=\"\" srcset=\"https:\/\/viamedici.com\/wp-content\/uploads\/2024\/05\/VM_Youtube-Thumbnails_Master-1-1024x576.png 1024w, https:\/\/viamedici.com\/wp-content\/uploads\/2024\/05\/VM_Youtube-Thumbnails_Master-1-300x169.png 300w, https:\/\/viamedici.com\/wp-content\/uploads\/2024\/05\/VM_Youtube-Thumbnails_Master-1-768x432.png 768w, https:\/\/viamedici.com\/wp-content\/uploads\/2024\/05\/VM_Youtube-Thumbnails_Master-1-18x10.png 18w, https:\/\/viamedici.com\/wp-content\/uploads\/2024\/05\/VM_Youtube-Thumbnails_Master-1.png 1280w\" sizes=\"(max-width: 800px) 100vw, 800px\" \/>\t\t\t\t\t\t\t\t\t\t\t\t\t\t\t<\/div>\n\t\t\t\t<\/div>\n\t\t\t\t<div class=\"elementor-element elementor-element-f4fd6d4 elementor-widget elementor-widget-image\" data-id=\"f4fd6d4\" data-element_type=\"widget\" data-e-type=\"widget\" data-widget_type=\"image.default\">\n\t\t\t\t<div class=\"elementor-widget-container\">\n\t\t\t\t\t\t\t\t\t\t\t\t\t\t\t<img decoding=\"async\" width=\"800\" height=\"450\" src=\"https:\/\/viamedici.com\/wp-content\/uploads\/2024\/05\/VM_Youtube-Thumbnails_Master-2-1024x576.png\" class=\"attachment-large size-large wp-image-2537\" alt=\"\" srcset=\"https:\/\/viamedici.com\/wp-content\/uploads\/2024\/05\/VM_Youtube-Thumbnails_Master-2-1024x576.png 1024w, https:\/\/viamedici.com\/wp-content\/uploads\/2024\/05\/VM_Youtube-Thumbnails_Master-2-300x169.png 300w, https:\/\/viamedici.com\/wp-content\/uploads\/2024\/05\/VM_Youtube-Thumbnails_Master-2-768x432.png 768w, https:\/\/viamedici.com\/wp-content\/uploads\/2024\/05\/VM_Youtube-Thumbnails_Master-2-18x10.png 18w, https:\/\/viamedici.com\/wp-content\/uploads\/2024\/05\/VM_Youtube-Thumbnails_Master-2.png 1280w\" sizes=\"(max-width: 800px) 100vw, 800px\" \/>\t\t\t\t\t\t\t\t\t\t\t\t\t\t\t<\/div>\n\t\t\t\t<\/div>\n\t\t\t\t<div class=\"elementor-element elementor-element-0183e60 elementor-widget elementor-widget-image\" data-id=\"0183e60\" data-element_type=\"widget\" data-e-type=\"widget\" data-widget_type=\"image.default\">\n\t\t\t\t<div class=\"elementor-widget-container\">\n\t\t\t\t\t\t\t\t\t\t\t\t\t\t\t<img loading=\"lazy\" decoding=\"async\" width=\"800\" height=\"450\" src=\"https:\/\/viamedici.com\/wp-content\/uploads\/2024\/05\/VM_Youtube-Thumbnails_Master-3-1024x576.png\" class=\"attachment-large size-large wp-image-2539\" alt=\"\" srcset=\"https:\/\/viamedici.com\/wp-content\/uploads\/2024\/05\/VM_Youtube-Thumbnails_Master-3-1024x576.png 1024w, https:\/\/viamedici.com\/wp-content\/uploads\/2024\/05\/VM_Youtube-Thumbnails_Master-3-300x169.png 300w, https:\/\/viamedici.com\/wp-content\/uploads\/2024\/05\/VM_Youtube-Thumbnails_Master-3-768x432.png 768w, https:\/\/viamedici.com\/wp-content\/uploads\/2024\/05\/VM_Youtube-Thumbnails_Master-3-18x10.png 18w, https:\/\/viamedici.com\/wp-content\/uploads\/2024\/05\/VM_Youtube-Thumbnails_Master-3.png 1280w\" sizes=\"(max-width: 800px) 100vw, 800px\" \/>\t\t\t\t\t\t\t\t\t\t\t\t\t\t\t<\/div>\n\t\t\t\t<\/div>\n\t\t\t\t\t<\/div>\n\t\t\t\t<\/div>\n\t\t\t\t<\/div>\n\t\t\t\t\t<\/div>\n\t\t\t\t<\/div>\n\t\t<div class=\"elementor-element elementor-element-e4ff477 e-flex e-con-boxed e-con e-parent\" data-id=\"e4ff477\" data-element_type=\"container\" data-e-type=\"container\" data-settings=\"{&quot;background_background&quot;:&quot;classic&quot;}\">\n\t\t\t\t\t<div class=\"e-con-inner\">\n\t\t<div class=\"elementor-element elementor-element-0413c7c e-con-full e-flex e-con e-child\" data-id=\"0413c7c\" data-element_type=\"container\" data-e-type=\"container\" data-settings=\"{&quot;background_background&quot;:&quot;classic&quot;}\">\n\t\t\t\t<div class=\"elementor-element elementor-element-6d19514 elementor-widget elementor-widget-image\" data-id=\"6d19514\" data-element_type=\"widget\" data-e-type=\"widget\" data-widget_type=\"image.default\">\n\t\t\t\t<div class=\"elementor-widget-container\">\n\t\t\t\t\t\t\t\t\t\t\t\t\t\t\t<img loading=\"lazy\" decoding=\"async\" width=\"1504\" height=\"766\" src=\"https:\/\/viamedici.com\/wp-content\/uploads\/2024\/11\/2024-Innovation-Day.jpg\" class=\"attachment-full size-full wp-image-4398\" alt=\"Innovation Day\" srcset=\"https:\/\/viamedici.com\/wp-content\/uploads\/2024\/11\/2024-Innovation-Day.jpg 1504w, https:\/\/viamedici.com\/wp-content\/uploads\/2024\/11\/2024-Innovation-Day-300x153.jpg 300w, https:\/\/viamedici.com\/wp-content\/uploads\/2024\/11\/2024-Innovation-Day-1024x522.jpg 1024w, https:\/\/viamedici.com\/wp-content\/uploads\/2024\/11\/2024-Innovation-Day-768x391.jpg 768w\" sizes=\"(max-width: 1504px) 100vw, 1504px\" \/>\t\t\t\t\t\t\t\t\t\t\t\t\t\t\t<\/div>\n\t\t\t\t<\/div>\n\t\t\t\t<\/div>\n\t\t\t\t\t<\/div>\n\t\t\t\t<\/div>\n\t\t<div class=\"elementor-element elementor-element-c32cd3f e-flex e-con-boxed e-con e-parent\" data-id=\"c32cd3f\" data-element_type=\"container\" data-e-type=\"container\">\n\t\t\t\t\t<div class=\"e-con-inner\">\n\t\t<div class=\"elementor-element elementor-element-b56407d e-con-full e-flex e-con e-child\" data-id=\"b56407d\" data-element_type=\"container\" data-e-type=\"container\">\n\t\t\t\t<div class=\"elementor-element elementor-element-c1d2b6b elementor-widget elementor-widget-spacer\" data-id=\"c1d2b6b\" data-element_type=\"widget\" data-e-type=\"widget\" data-widget_type=\"spacer.default\">\n\t\t\t\t<div class=\"elementor-widget-container\">\n\t\t\t\t\t\t\t<div class=\"elementor-spacer\">\n\t\t\t<div class=\"elementor-spacer-inner\"><\/div>\n\t\t<\/div>\n\t\t\t\t\t\t<\/div>\n\t\t\t\t<\/div>\n\t\t\t\t<\/div>\n\t\t\t\t\t<\/div>\n\t\t\t\t<\/div>\n\t\t\t\t<\/div>\n\t\t","protected":false},"excerpt":{"rendered":"<p>R\u00fcckblick auf den Innovation Day 2024 Viamedici CEO k\u00fcndigt EPIM5 Plattform an Viamedici CEO, J\u00fcrgen M\u00fcller k\u00fcndigt EPIM5 am Innovation Day 2024 an Das Event Der Innovation Day 2024 bot eine Vielzahl von Vortr\u00e4gen und Keynotes, die den Teilnehmern die Gelegenheit gaben, sich mit Experten auszutauschen und wertvolle Einblicke zu gewinnen.\u00a0Schauen Sie sie sich auf [&hellip;]<\/p>\n","protected":false},"author":3,"featured_media":4398,"parent":0,"menu_order":0,"comment_status":"closed","ping_status":"closed","template":"elementor_header_footer","meta":{"_acf_changed":false,"content-type":"","footnotes":""},"class_list":["post-6772","page","type-page","status-publish","has-post-thumbnail","hentry"],"acf":[],"_links":{"self":[{"href":"https:\/\/viamedici.com\/de\/wp-json\/wp\/v2\/pages\/6772","targetHints":{"allow":["GET"]}}],"collection":[{"href":"https:\/\/viamedici.com\/de\/wp-json\/wp\/v2\/pages"}],"about":[{"href":"https:\/\/viamedici.com\/de\/wp-json\/wp\/v2\/types\/page"}],"author":[{"embeddable":true,"href":"https:\/\/viamedici.com\/de\/wp-json\/wp\/v2\/users\/3"}],"replies":[{"embeddable":true,"href":"https:\/\/viamedici.com\/de\/wp-json\/wp\/v2\/comments?post=6772"}],"version-history":[{"count":2,"href":"https:\/\/viamedici.com\/de\/wp-json\/wp\/v2\/pages\/6772\/revisions"}],"predecessor-version":[{"id":13906,"href":"https:\/\/viamedici.com\/de\/wp-json\/wp\/v2\/pages\/6772\/revisions\/13906"}],"wp:featuredmedia":[{"embeddable":true,"href":"https:\/\/viamedici.com\/de\/wp-json\/wp\/v2\/media\/4398"}],"wp:attachment":[{"href":"https:\/\/viamedici.com\/de\/wp-json\/wp\/v2\/media?parent=6772"}],"curies":[{"name":"wp","href":"https:\/\/api.w.org\/{rel}","templated":true}]}}