{"id":6795,"date":"2024-11-18T10:47:41","date_gmt":"2024-11-18T10:47:41","guid":{"rendered":"https:\/\/viamedici.com\/impressum\/"},"modified":"2025-01-22T14:10:46","modified_gmt":"2025-01-22T14:10:46","slug":"impressum","status":"publish","type":"page","link":"https:\/\/viamedici.com\/de\/impressum\/","title":{"rendered":"Impressum"},"content":{"rendered":"\t\t<div data-elementor-type=\"wp-page\" data-elementor-id=\"6795\" class=\"elementor elementor-6795 elementor-3442\" data-elementor-post-type=\"page\">\n\t\t\t\t<div class=\"elementor-element elementor-element-1f4b5270 e-flex e-con-boxed e-con e-parent\" data-id=\"1f4b5270\" data-element_type=\"container\" data-e-type=\"container\">\n\t\t\t\t\t<div class=\"e-con-inner\">\n\t\t\t\t<div class=\"elementor-element elementor-element-40f7f3ea elementor-widget elementor-widget-text-editor\" data-id=\"40f7f3ea\" data-element_type=\"widget\" data-e-type=\"widget\" data-widget_type=\"text-editor.default\">\n\t\t\t\t<div class=\"elementor-widget-container\">\n\t\t\t\t\t\t\t\t\t<div class=\"row_wrap\">\n<div class=\"wp-block-columns row_xxl is-layout-flex wp-container-core-columns-is-layout-6 wp-block-columns-is-layout-flex\">\n<div class=\"wp-block-column col-12 col-sm-10 col-md-8 is-layout-flow wp-block-column-is-layout-flow\">\n<div class=\"row_wrap\">\n<div class=\"wp-block-columns row_xxl is-layout-flex wp-container-core-columns-is-layout-5 wp-block-columns-is-layout-flex\">\n<div class=\"wp-block-column col-12 col-sm-10 col-md-8 is-layout-flow wp-block-column-is-layout-flow\">\n<h2 class=\"wp-block-heading\">Viamedici Software GmbH<\/h2>\n<p>Hertzstra\u00dfe 14<br \/>\nD-76275 Ettlingen<\/p>\n<p>Telefon: +49 7243 9498-0<br \/>\nE-Mail:\u00a0<a href=\"mailto:d.fischer-van-sickle@viamedici.de\" target=\"_blank\" rel=\"noreferrer noopener\">d.fischer-van-sickle@viamedici.de<\/a><br \/>\nGesch\u00e4ftsf\u00fchrer: J\u00fcrgen M\u00fcller<\/p>\n<p>Amtsgericht Mannheim, HRB 362615<br \/>\nUmsatzsteuer-Identifikationsnummer: DE813528582<br \/>\nVerantwortlicher i.S.d. \u00a7 55 Absatz 2 RStV: J\u00fcrgen M\u00fcller<\/p>\n<\/div>\n<\/div>\n<\/div>\n<h2 class=\"wp-block-heading\">Verf\u00fcgbarkeit der Website<\/h2>\n<p>Bei aller Sorgfalt k\u00f6nnen Ausfallzeiten nicht ausgeschlossen werden. Viamedici beh\u00e4lt sich das Recht vor, sein Angebot jederzeit zu \u00e4ndern oder einzustellen. F\u00fcr durch nicht fehlerfrei angelegte Dateien oder nicht fehlerfrei strukturierte Formate bedingte Unterbrechungen oder anderweitige St\u00f6rungen kann Viamedici keine Gew\u00e4hr \u00fcbernehmen.<\/p>\n<h2 class=\"wp-block-heading\">Urheberrecht<\/h2>\n<p>Alle Inhalte und Strukturen dieser Website sind urheber- und leistungsschutzrechtlich gesch\u00fctzt. Die Ver\u00f6ffentlichung im World Wide Web oder in sonstigen Diensten des Internet bedeutet noch keine Einverst\u00e4ndniserkl\u00e4rung f\u00fcr eine anderweitige Nutzung durch Dritte. Das Ver\u00f6ffentlichen von Text- und Bildmaterial sowie die Vervielf\u00e4ltigung, \u00c4nderung und Verbreitung von Informationen oder Daten, die dieser Website entnommen wurden, ist nur nach vorheriger schriftlicher Zustimmung durch Viamedici zul\u00e4ssig.<\/p>\n<h2 class=\"wp-block-heading\"><\/h2>\n<\/div>\n<\/div>\n<\/div>\n\t\t\t\t\t\t\t\t<\/div>\n\t\t\t\t<\/div>\n\t\t\t\t\t<\/div>\n\t\t\t\t<\/div>\n\t\t\t\t<\/div>\n\t\t","protected":false},"excerpt":{"rendered":"<p>Viamedici Software GmbH Hertzstra\u00dfe 14 D-76275 Ettlingen Telefon: +49 7243 9498-0 E-Mail:\u00a0d.fischer-van-sickle@viamedici.de Gesch\u00e4ftsf\u00fchrer: J\u00fcrgen M\u00fcller Amtsgericht Mannheim, HRB 362615 Umsatzsteuer-Identifikationsnummer: DE813528582 Verantwortlicher i.S.d. \u00a7 55 Absatz 2 RStV: J\u00fcrgen M\u00fcller Verf\u00fcgbarkeit der Website Bei aller Sorgfalt k\u00f6nnen Ausfallzeiten nicht ausgeschlossen werden. Viamedici beh\u00e4lt sich das Recht vor, sein Angebot jederzeit zu \u00e4ndern oder einzustellen. F\u00fcr [&hellip;]<\/p>\n","protected":false},"author":3,"featured_media":13089,"parent":0,"menu_order":0,"comment_status":"closed","ping_status":"closed","template":"","meta":{"_acf_changed":false,"content-type":"","footnotes":""},"class_list":["post-6795","page","type-page","status-publish","has-post-thumbnail","hentry"],"acf":[],"_links":{"self":[{"href":"https:\/\/viamedici.com\/de\/wp-json\/wp\/v2\/pages\/6795","targetHints":{"allow":["GET"]}}],"collection":[{"href":"https:\/\/viamedici.com\/de\/wp-json\/wp\/v2\/pages"}],"about":[{"href":"https:\/\/viamedici.com\/de\/wp-json\/wp\/v2\/types\/page"}],"author":[{"embeddable":true,"href":"https:\/\/viamedici.com\/de\/wp-json\/wp\/v2\/users\/3"}],"replies":[{"embeddable":true,"href":"https:\/\/viamedici.com\/de\/wp-json\/wp\/v2\/comments?post=6795"}],"version-history":[{"count":0,"href":"https:\/\/viamedici.com\/de\/wp-json\/wp\/v2\/pages\/6795\/revisions"}],"wp:featuredmedia":[{"embeddable":true,"href":"https:\/\/viamedici.com\/de\/wp-json\/wp\/v2\/media\/13089"}],"wp:attachment":[{"href":"https:\/\/viamedici.com\/de\/wp-json\/wp\/v2\/media?parent=6795"}],"curies":[{"name":"wp","href":"https:\/\/api.w.org\/{rel}","templated":true}]}}