{"id":6821,"date":"2024-11-19T04:31:34","date_gmt":"2024-11-19T04:31:34","guid":{"rendered":"https:\/\/viamedici.com\/e-books\/"},"modified":"2025-03-19T17:48:55","modified_gmt":"2025-03-19T17:48:55","slug":"e-books","status":"publish","type":"page","link":"https:\/\/viamedici.com\/de\/e-books\/","title":{"rendered":"e-Books"},"content":{"rendered":"\t\t<div data-elementor-type=\"wp-page\" data-elementor-id=\"6821\" class=\"elementor elementor-6821 elementor-3480\" data-elementor-post-type=\"page\">\n\t\t\t\t<div class=\"elementor-element elementor-element-363d900 e-flex e-con-boxed e-con e-parent\" data-id=\"363d900\" data-element_type=\"container\" data-e-type=\"container\">\n\t\t\t\t\t<div class=\"e-con-inner\">\n\t\t<div class=\"elementor-element elementor-element-23698dc e-con-full e-flex e-con e-child\" data-id=\"23698dc\" data-element_type=\"container\" data-e-type=\"container\">\n\t\t\t\t<div class=\"elementor-element elementor-element-afa1975 elementor-widget elementor-widget-image\" data-id=\"afa1975\" data-element_type=\"widget\" data-e-type=\"widget\" data-widget_type=\"image.default\">\n\t\t\t\t<div class=\"elementor-widget-container\">\n\t\t\t\t\t\t\t\t\t\t\t\t\t\t\t<img fetchpriority=\"high\" decoding=\"async\" width=\"721\" height=\"1024\" src=\"https:\/\/viamedici.com\/wp-content\/uploads\/2024\/11\/innovation-constr-721x1024.png\" class=\"attachment-large size-large wp-image-4027\" alt=\"\" srcset=\"https:\/\/viamedici.com\/wp-content\/uploads\/2024\/11\/innovation-constr-721x1024.png 721w, https:\/\/viamedici.com\/wp-content\/uploads\/2024\/11\/innovation-constr-211x300.png 211w, https:\/\/viamedici.com\/wp-content\/uploads\/2024\/11\/innovation-constr-768x1091.png 768w, https:\/\/viamedici.com\/wp-content\/uploads\/2024\/11\/innovation-constr.png 784w\" sizes=\"(max-width: 721px) 100vw, 721px\" \/>\t\t\t\t\t\t\t\t\t\t\t\t\t\t\t<\/div>\n\t\t\t\t<\/div>\n\t\t\t\t<\/div>\n\t\t<div class=\"elementor-element elementor-element-2e60f27 e-con-full e-flex e-con e-child\" data-id=\"2e60f27\" data-element_type=\"container\" data-e-type=\"container\">\n\t\t\t\t<div class=\"elementor-element elementor-element-ace43f0 elementor-widget elementor-widget-heading\" data-id=\"ace43f0\" data-element_type=\"widget\" data-e-type=\"widget\" data-widget_type=\"heading.default\">\n\t\t\t\t<div class=\"elementor-widget-container\">\n\t\t\t\t\t<h2 class=\"elementor-heading-title elementor-size-default\">Innovative Grundlagen: Wie KI und Blockchain die Bauindustrie ver\u00e4ndern<\/h2>\t\t\t\t<\/div>\n\t\t\t\t<\/div>\n\t\t\t\t<div class=\"elementor-element elementor-element-dfa6a14 elementor-widget elementor-widget-text-editor\" data-id=\"dfa6a14\" data-element_type=\"widget\" data-e-type=\"widget\" data-widget_type=\"text-editor.default\">\n\t\t\t\t<div class=\"elementor-widget-container\">\n\t\t\t\t\t\t\t\t\t<p>Die Integration von K\u00fcnstlicher Intelligenz  und Blockchain-Technologien in der Bauindustrie revolutioniert das Bauprojektmanagement, indem sie Effizienz, Sicherheit und Produktivit\u00e4t verbessert. Da diese innovativen Technologien in Bauprojekten weltweit zunehmend eingesetzt werden, ver\u00e4ndern sie traditionelle Ans\u00e4tze in der Projektplanung, -ausf\u00fchrung und -\u00fcberwachung.<\/p>\n\t\t\t\t\t\t\t\t<\/div>\n\t\t\t\t<\/div>\n\t\t\t\t<div class=\"elementor-element elementor-element-bfc0d79 elementor-mobile-align-center elementor-align-left elementor-widget elementor-widget-button\" data-id=\"bfc0d79\" data-element_type=\"widget\" data-e-type=\"widget\" data-widget_type=\"button.default\">\n\t\t\t\t<div class=\"elementor-widget-container\">\n\t\t\t\t\t\t\t\t\t<div class=\"elementor-button-wrapper\">\n\t\t\t\t\t<a class=\"elementor-button elementor-button-link elementor-size-md\" href=\"https:\/\/share.hsforms.com\/1GRjnbKJhRASJisPnQFZbSgee4x4\" target=\"_blank\" rel=\"noopener\">\n\t\t\t\t\t\t<span class=\"elementor-button-content-wrapper\">\n\t\t\t\t\t\t\t\t\t<span class=\"elementor-button-text\">Jetzt herunterladen<\/span>\n\t\t\t\t\t<\/span>\n\t\t\t\t\t<\/a>\n\t\t\t\t<\/div>\n\t\t\t\t\t\t\t\t<\/div>\n\t\t\t\t<\/div>\n\t\t\t\t<\/div>\n\t\t\t\t\t<\/div>\n\t\t\t\t<\/div>\n\t\t<div class=\"elementor-element elementor-element-22fea8c e-flex e-con-boxed e-con e-parent\" data-id=\"22fea8c\" data-element_type=\"container\" data-e-type=\"container\">\n\t\t\t\t\t<div class=\"e-con-inner\">\n\t\t<div class=\"elementor-element elementor-element-e4f095c e-con-full e-flex e-con e-child\" data-id=\"e4f095c\" data-element_type=\"container\" data-e-type=\"container\">\n\t\t\t\t<div class=\"elementor-element elementor-element-9dc2a82 elementor-widget elementor-widget-image\" data-id=\"9dc2a82\" data-element_type=\"widget\" data-e-type=\"widget\" data-widget_type=\"image.default\">\n\t\t\t\t<div class=\"elementor-widget-container\">\n\t\t\t\t\t\t\t\t\t\t\t\t\t\t\t<img decoding=\"async\" width=\"795\" height=\"1024\" src=\"https:\/\/viamedici.com\/wp-content\/uploads\/2024\/11\/sap-and-pim-795x1024.png\" class=\"attachment-large size-large wp-image-4025\" alt=\"\" srcset=\"https:\/\/viamedici.com\/wp-content\/uploads\/2024\/11\/sap-and-pim-795x1024.png 795w, https:\/\/viamedici.com\/wp-content\/uploads\/2024\/11\/sap-and-pim-233x300.png 233w, https:\/\/viamedici.com\/wp-content\/uploads\/2024\/11\/sap-and-pim-768x990.png 768w, https:\/\/viamedici.com\/wp-content\/uploads\/2024\/11\/sap-and-pim.png 904w\" sizes=\"(max-width: 795px) 100vw, 795px\" \/>\t\t\t\t\t\t\t\t\t\t\t\t\t\t\t<\/div>\n\t\t\t\t<\/div>\n\t\t\t\t<\/div>\n\t\t<div class=\"elementor-element elementor-element-8ad0409 e-con-full e-flex e-con e-child\" data-id=\"8ad0409\" data-element_type=\"container\" data-e-type=\"container\">\n\t\t\t\t<div class=\"elementor-element elementor-element-dd5ed4c elementor-widget elementor-widget-heading\" data-id=\"dd5ed4c\" data-element_type=\"widget\" data-e-type=\"widget\" data-widget_type=\"heading.default\">\n\t\t\t\t<div class=\"elementor-widget-container\">\n\t\t\t\t\t<h2 class=\"elementor-heading-title elementor-size-default\">SAP &amp; PIM Integration<\/h2>\t\t\t\t<\/div>\n\t\t\t\t<\/div>\n\t\t\t\t<div class=\"elementor-element elementor-element-8e69879 elementor-widget elementor-widget-text-editor\" data-id=\"8e69879\" data-element_type=\"widget\" data-e-type=\"widget\" data-widget_type=\"text-editor.default\">\n\t\t\t\t<div class=\"elementor-widget-container\">\n\t\t\t\t\t\t\t\t\t<p>Dieses eBook bietet wertvolle Einblicke in die Synergie zwischen SAP, einer f\u00fchrenden ERP-L\u00f6sung, und PIM-Systemen. Es erl\u00e4utert, wie ihre Integration eine robuste digitale Handelsumgebung f\u00f6rdert, die Kanalvielfalt vereinfacht und die Kundenerfahrung diversifiziert.<\/p>\n\t\t\t\t\t\t\t\t<\/div>\n\t\t\t\t<\/div>\n\t\t\t\t<div class=\"elementor-element elementor-element-1544232 elementor-mobile-align-center elementor-align-left elementor-widget elementor-widget-button\" data-id=\"1544232\" data-element_type=\"widget\" data-e-type=\"widget\" data-widget_type=\"button.default\">\n\t\t\t\t<div class=\"elementor-widget-container\">\n\t\t\t\t\t\t\t\t\t<div class=\"elementor-button-wrapper\">\n\t\t\t\t\t<a class=\"elementor-button elementor-button-link elementor-size-md\" href=\"https:\/\/share.hsforms.com\/14Z_SvvmfQZCj1bSed8B-Dgee4x4\" target=\"_blank\" rel=\"noopener\">\n\t\t\t\t\t\t<span class=\"elementor-button-content-wrapper\">\n\t\t\t\t\t\t\t\t\t<span class=\"elementor-button-text\">Jetzt herunterladen<\/span>\n\t\t\t\t\t<\/span>\n\t\t\t\t\t<\/a>\n\t\t\t\t<\/div>\n\t\t\t\t\t\t\t\t<\/div>\n\t\t\t\t<\/div>\n\t\t\t\t<\/div>\n\t\t\t\t\t<\/div>\n\t\t\t\t<\/div>\n\t\t<div class=\"elementor-element elementor-element-f9a575b e-flex e-con-boxed e-con e-parent\" data-id=\"f9a575b\" data-element_type=\"container\" data-e-type=\"container\">\n\t\t\t\t\t<div class=\"e-con-inner\">\n\t\t<div class=\"elementor-element elementor-element-e385a1f e-con-full e-flex e-con e-child\" data-id=\"e385a1f\" data-element_type=\"container\" data-e-type=\"container\">\n\t\t\t\t<div class=\"elementor-element elementor-element-24dacaf elementor-widget elementor-widget-image\" data-id=\"24dacaf\" data-element_type=\"widget\" data-e-type=\"widget\" data-widget_type=\"image.default\">\n\t\t\t\t<div class=\"elementor-widget-container\">\n\t\t\t\t\t\t\t\t\t\t\t\t\t\t\t<img decoding=\"async\" width=\"728\" height=\"1024\" src=\"https:\/\/viamedici.com\/wp-content\/uploads\/2024\/11\/the-role-of-728x1024.png\" class=\"attachment-large size-large wp-image-4022\" alt=\"e-Books\" srcset=\"https:\/\/viamedici.com\/wp-content\/uploads\/2024\/11\/the-role-of-728x1024.png 728w, https:\/\/viamedici.com\/wp-content\/uploads\/2024\/11\/the-role-of-213x300.png 213w, https:\/\/viamedici.com\/wp-content\/uploads\/2024\/11\/the-role-of-768x1080.png 768w, https:\/\/viamedici.com\/wp-content\/uploads\/2024\/11\/the-role-of.png 790w\" sizes=\"(max-width: 728px) 100vw, 728px\" \/>\t\t\t\t\t\t\t\t\t\t\t\t\t\t\t<\/div>\n\t\t\t\t<\/div>\n\t\t\t\t<\/div>\n\t\t<div class=\"elementor-element elementor-element-a482117 e-con-full e-flex e-con e-child\" data-id=\"a482117\" data-element_type=\"container\" data-e-type=\"container\">\n\t\t\t\t<div class=\"elementor-element elementor-element-4c4398f elementor-widget elementor-widget-heading\" data-id=\"4c4398f\" data-element_type=\"widget\" data-e-type=\"widget\" data-widget_type=\"heading.default\">\n\t\t\t\t<div class=\"elementor-widget-container\">\n\t\t\t\t\t<h2 class=\"elementor-heading-title elementor-size-default\">Die Rolle von PIM-L\u00f6sungen bei der Erf\u00fcllung von Nachhaltigkeitsvorschriften<\/h2>\t\t\t\t<\/div>\n\t\t\t\t<\/div>\n\t\t\t\t<div class=\"elementor-element elementor-element-26482c6 elementor-widget elementor-widget-text-editor\" data-id=\"26482c6\" data-element_type=\"widget\" data-e-type=\"widget\" data-widget_type=\"text-editor.default\">\n\t\t\t\t<div class=\"elementor-widget-container\">\n\t\t\t\t\t\t\t\t\t<p>Dieses eBook untersucht, wie Produktinformationsmanagement (PIM)-L\u00f6sungen verschiedenen Branchen helfen k\u00f6nnen, Nachhaltigkeitsvorschriften zu erf\u00fcllen, indem sie eine verbesserte R\u00fcckverfolgbarkeit, Transparenz und effizientes Datenmanagement durch die Nutzung digitaler Produktp\u00e4sse (DPPs) bieten.<\/p>\n\t\t\t\t\t\t\t\t<\/div>\n\t\t\t\t<\/div>\n\t\t\t\t<div class=\"elementor-element elementor-element-9aed770 elementor-mobile-align-center elementor-align-left elementor-widget elementor-widget-button\" data-id=\"9aed770\" data-element_type=\"widget\" data-e-type=\"widget\" data-widget_type=\"button.default\">\n\t\t\t\t<div class=\"elementor-widget-container\">\n\t\t\t\t\t\t\t\t\t<div class=\"elementor-button-wrapper\">\n\t\t\t\t\t<a class=\"elementor-button elementor-button-link elementor-size-md\" href=\"https:\/\/share.hsforms.com\/1rHmUBSzGRFGhkwyh6eaA7Aee4x4\" target=\"_blank\" rel=\"noopener\">\n\t\t\t\t\t\t<span class=\"elementor-button-content-wrapper\">\n\t\t\t\t\t\t\t\t\t<span class=\"elementor-button-text\">Jetzt herunterladen<\/span>\n\t\t\t\t\t<\/span>\n\t\t\t\t\t<\/a>\n\t\t\t\t<\/div>\n\t\t\t\t\t\t\t\t<\/div>\n\t\t\t\t<\/div>\n\t\t\t\t<\/div>\n\t\t\t\t\t<\/div>\n\t\t\t\t<\/div>\n\t\t<div class=\"elementor-element elementor-element-5b77d5c e-flex e-con-boxed e-con e-parent\" data-id=\"5b77d5c\" data-element_type=\"container\" data-e-type=\"container\">\n\t\t\t\t\t<div class=\"e-con-inner\">\n\t\t<div class=\"elementor-element elementor-element-ff36054 e-con-full e-flex e-con e-child\" data-id=\"ff36054\" data-element_type=\"container\" data-e-type=\"container\">\n\t\t\t\t<div class=\"elementor-element elementor-element-9daabd5 elementor-widget elementor-widget-image\" data-id=\"9daabd5\" data-element_type=\"widget\" data-e-type=\"widget\" data-widget_type=\"image.default\">\n\t\t\t\t<div class=\"elementor-widget-container\">\n\t\t\t\t\t\t\t\t\t\t\t\t\t\t\t<img loading=\"lazy\" decoding=\"async\" width=\"786\" height=\"1024\" src=\"https:\/\/viamedici.com\/wp-content\/uploads\/2024\/11\/why-pim-786x1024.png\" class=\"attachment-large size-large wp-image-4037\" alt=\"\" srcset=\"https:\/\/viamedici.com\/wp-content\/uploads\/2024\/11\/why-pim-786x1024.png 786w, https:\/\/viamedici.com\/wp-content\/uploads\/2024\/11\/why-pim-230x300.png 230w, https:\/\/viamedici.com\/wp-content\/uploads\/2024\/11\/why-pim-768x1000.png 768w, https:\/\/viamedici.com\/wp-content\/uploads\/2024\/11\/why-pim.png 906w\" sizes=\"(max-width: 786px) 100vw, 786px\" \/>\t\t\t\t\t\t\t\t\t\t\t\t\t\t\t<\/div>\n\t\t\t\t<\/div>\n\t\t\t\t<\/div>\n\t\t<div class=\"elementor-element elementor-element-13c9b16 e-con-full e-flex e-con e-child\" data-id=\"13c9b16\" data-element_type=\"container\" data-e-type=\"container\">\n\t\t\t\t<div class=\"elementor-element elementor-element-8ec8964 elementor-widget elementor-widget-heading\" data-id=\"8ec8964\" data-element_type=\"widget\" data-e-type=\"widget\" data-widget_type=\"heading.default\">\n\t\t\t\t<div class=\"elementor-widget-container\">\n\t\t\t\t\t<h2 class=\"elementor-heading-title elementor-size-default\">Die 8 Hauptgr\u00fcnde, warum B2B-PIM-Projekte scheitern<\/h2>\t\t\t\t<\/div>\n\t\t\t\t<\/div>\n\t\t\t\t<div class=\"elementor-element elementor-element-a98a670 elementor-widget elementor-widget-text-editor\" data-id=\"a98a670\" data-element_type=\"widget\" data-e-type=\"widget\" data-widget_type=\"text-editor.default\">\n\t\t\t\t<div class=\"elementor-widget-container\">\n\t\t\t\t\t\t\t\t\t<p>Egal, ob Sie sich von gescheiterten PIM-Implementierungen erholen oder Ihr erstes Projekt planen \u2013 diese Ressource bietet Ihnen wertvolle Einblicke, um kostspielige Fehler zu vermeiden und Erfolg zu erzielen.<\/p>\n\t\t\t\t\t\t\t\t<\/div>\n\t\t\t\t<\/div>\n\t\t\t\t<div class=\"elementor-element elementor-element-85ece5b elementor-mobile-align-center elementor-align-left elementor-widget elementor-widget-button\" data-id=\"85ece5b\" data-element_type=\"widget\" data-e-type=\"widget\" data-widget_type=\"button.default\">\n\t\t\t\t<div class=\"elementor-widget-container\">\n\t\t\t\t\t\t\t\t\t<div class=\"elementor-button-wrapper\">\n\t\t\t\t\t<a class=\"elementor-button elementor-button-link elementor-size-md\" href=\"https:\/\/share.hsforms.com\/1_86C-9rjSPuA1IiaSXRScwee4x4\" target=\"_blank\" rel=\"noopener\">\n\t\t\t\t\t\t<span class=\"elementor-button-content-wrapper\">\n\t\t\t\t\t\t\t\t\t<span class=\"elementor-button-text\">Jetzt herunterladen<\/span>\n\t\t\t\t\t<\/span>\n\t\t\t\t\t<\/a>\n\t\t\t\t<\/div>\n\t\t\t\t\t\t\t\t<\/div>\n\t\t\t\t<\/div>\n\t\t\t\t<\/div>\n\t\t\t\t\t<\/div>\n\t\t\t\t<\/div>\n\t\t<div class=\"elementor-element elementor-element-f9e2105 e-flex e-con-boxed e-con e-parent\" data-id=\"f9e2105\" data-element_type=\"container\" data-e-type=\"container\">\n\t\t\t\t\t<div class=\"e-con-inner\">\n\t\t<div class=\"elementor-element elementor-element-ebdc383 e-con-full e-flex e-con e-child\" data-id=\"ebdc383\" data-element_type=\"container\" data-e-type=\"container\">\n\t\t\t\t<div class=\"elementor-element elementor-element-412bedc elementor-widget elementor-widget-image\" data-id=\"412bedc\" data-element_type=\"widget\" data-e-type=\"widget\" data-widget_type=\"image.default\">\n\t\t\t\t<div class=\"elementor-widget-container\">\n\t\t\t\t\t\t\t\t\t\t\t\t\t\t\t<img loading=\"lazy\" decoding=\"async\" width=\"787\" height=\"1024\" src=\"https:\/\/viamedici.com\/wp-content\/uploads\/2024\/11\/leverage-787x1024.png\" class=\"attachment-large size-large wp-image-4043\" alt=\"\" srcset=\"https:\/\/viamedici.com\/wp-content\/uploads\/2024\/11\/leverage-787x1024.png 787w, https:\/\/viamedici.com\/wp-content\/uploads\/2024\/11\/leverage-231x300.png 231w, https:\/\/viamedici.com\/wp-content\/uploads\/2024\/11\/leverage-768x999.png 768w, https:\/\/viamedici.com\/wp-content\/uploads\/2024\/11\/leverage.png 909w\" sizes=\"(max-width: 787px) 100vw, 787px\" \/>\t\t\t\t\t\t\t\t\t\t\t\t\t\t\t<\/div>\n\t\t\t\t<\/div>\n\t\t\t\t<\/div>\n\t\t<div class=\"elementor-element elementor-element-62eeaae e-con-full e-flex e-con e-child\" data-id=\"62eeaae\" data-element_type=\"container\" data-e-type=\"container\">\n\t\t\t\t<div class=\"elementor-element elementor-element-27ce647 elementor-widget elementor-widget-heading\" data-id=\"27ce647\" data-element_type=\"widget\" data-e-type=\"widget\" data-widget_type=\"heading.default\">\n\t\t\t\t<div class=\"elementor-widget-container\">\n\t\t\t\t\t<h2 class=\"elementor-heading-title elementor-size-default\">Nutzen Sie die Macht der Daten in der Bau- und Konstruktionsindustrie<\/h2>\t\t\t\t<\/div>\n\t\t\t\t<\/div>\n\t\t\t\t<div class=\"elementor-element elementor-element-efa5919 elementor-widget elementor-widget-text-editor\" data-id=\"efa5919\" data-element_type=\"widget\" data-e-type=\"widget\" data-widget_type=\"text-editor.default\">\n\t\t\t\t<div class=\"elementor-widget-container\">\n\t\t\t\t\t\t\t\t\t<p>Dieses eBook untersucht, wie die fortschrittlichen L\u00f6sungen von Viamedici im Bereich Master Data Management (MDM), Product Information Management (PIM) und Guided Selling Bauprozesse optimieren k\u00f6nnen. Gest\u00fctzt auf relevante Forschung und Fallstudien m\u00f6chten wir umsetzbare Einblicke zur Bew\u00e4ltigung g\u00e4ngiger Herausforderungen bieten.<\/p>\n\t\t\t\t\t\t\t\t<\/div>\n\t\t\t\t<\/div>\n\t\t\t\t<div class=\"elementor-element elementor-element-1ec8244 elementor-mobile-align-center elementor-widget elementor-widget-button\" data-id=\"1ec8244\" data-element_type=\"widget\" data-e-type=\"widget\" data-widget_type=\"button.default\">\n\t\t\t\t<div class=\"elementor-widget-container\">\n\t\t\t\t\t\t\t\t\t<div class=\"elementor-button-wrapper\">\n\t\t\t\t\t<a class=\"elementor-button elementor-button-link elementor-size-md\" href=\"https:\/\/share.hsforms.com\/1wNS_x6guQyKStUXvcrEcTAee4x4\" target=\"_blank\" rel=\"noopener\">\n\t\t\t\t\t\t<span class=\"elementor-button-content-wrapper\">\n\t\t\t\t\t\t\t\t\t<span class=\"elementor-button-text\">Jetzt herunterladen<\/span>\n\t\t\t\t\t<\/span>\n\t\t\t\t\t<\/a>\n\t\t\t\t<\/div>\n\t\t\t\t\t\t\t\t<\/div>\n\t\t\t\t<\/div>\n\t\t\t\t<\/div>\n\t\t\t\t\t<\/div>\n\t\t\t\t<\/div>\n\t\t\t\t<\/div>\n\t\t","protected":false},"excerpt":{"rendered":"<p>Innovative Grundlagen: Wie KI und Blockchain die Bauindustrie ver\u00e4ndern Die Integration von K\u00fcnstlicher Intelligenz und Blockchain-Technologien in der Bauindustrie revolutioniert das Bauprojektmanagement, indem sie Effizienz, Sicherheit und Produktivit\u00e4t verbessert. Da diese innovativen Technologien in Bauprojekten weltweit zunehmend eingesetzt werden, ver\u00e4ndern sie traditionelle Ans\u00e4tze in der Projektplanung, -ausf\u00fchrung und -\u00fcberwachung. Jetzt herunterladen SAP &amp; PIM Integration [&hellip;]<\/p>\n","protected":false},"author":1,"featured_media":4022,"parent":0,"menu_order":0,"comment_status":"closed","ping_status":"closed","template":"","meta":{"_acf_changed":false,"content-type":"","footnotes":""},"class_list":["post-6821","page","type-page","status-publish","has-post-thumbnail","hentry"],"acf":[],"_links":{"self":[{"href":"https:\/\/viamedici.com\/de\/wp-json\/wp\/v2\/pages\/6821","targetHints":{"allow":["GET"]}}],"collection":[{"href":"https:\/\/viamedici.com\/de\/wp-json\/wp\/v2\/pages"}],"about":[{"href":"https:\/\/viamedici.com\/de\/wp-json\/wp\/v2\/types\/page"}],"author":[{"embeddable":true,"href":"https:\/\/viamedici.com\/de\/wp-json\/wp\/v2\/users\/1"}],"replies":[{"embeddable":true,"href":"https:\/\/viamedici.com\/de\/wp-json\/wp\/v2\/comments?post=6821"}],"version-history":[{"count":2,"href":"https:\/\/viamedici.com\/de\/wp-json\/wp\/v2\/pages\/6821\/revisions"}],"predecessor-version":[{"id":13893,"href":"https:\/\/viamedici.com\/de\/wp-json\/wp\/v2\/pages\/6821\/revisions\/13893"}],"wp:featuredmedia":[{"embeddable":true,"href":"https:\/\/viamedici.com\/de\/wp-json\/wp\/v2\/media\/4022"}],"wp:attachment":[{"href":"https:\/\/viamedici.com\/de\/wp-json\/wp\/v2\/media?parent=6821"}],"curies":[{"name":"wp","href":"https:\/\/api.w.org\/{rel}","templated":true}]}}