{"id":6835,"date":"2024-06-05T17:31:50","date_gmt":"2024-06-05T17:31:50","guid":{"rendered":"https:\/\/viamedici.com\/resources\/blogs\/"},"modified":"2025-03-19T18:46:11","modified_gmt":"2025-03-19T18:46:11","slug":"blogs","status":"publish","type":"page","link":"https:\/\/viamedici.com\/de\/resources\/blogs\/","title":{"rendered":"Blogs"},"content":{"rendered":"\t\t<div data-elementor-type=\"wp-page\" data-elementor-id=\"6835\" class=\"elementor elementor-6835 elementor-1002\" data-elementor-post-type=\"page\">\n\t\t\t\t<div class=\"elementor-element elementor-element-a3792ff e-flex e-con-boxed e-con e-parent\" data-id=\"a3792ff\" data-element_type=\"container\" data-e-type=\"container\">\n\t\t\t\t\t<div class=\"e-con-inner\">\n\t\t\t\t<div class=\"elementor-element elementor-element-09cf3c8 elementor-grid-3 elementor-grid-tablet-2 elementor-grid-mobile-1 elementor-posts--thumbnail-top elementor-card-shadow-yes elementor-posts__hover-gradient load-more-align-center elementor-widget elementor-widget-posts\" data-id=\"09cf3c8\" data-element_type=\"widget\" data-e-type=\"widget\" data-settings=\"{&quot;pagination_type&quot;:&quot;load_more_on_click&quot;,&quot;cards_columns&quot;:&quot;3&quot;,&quot;cards_columns_tablet&quot;:&quot;2&quot;,&quot;cards_columns_mobile&quot;:&quot;1&quot;,&quot;cards_row_gap&quot;:{&quot;unit&quot;:&quot;px&quot;,&quot;size&quot;:35,&quot;sizes&quot;:[]},&quot;cards_row_gap_tablet&quot;:{&quot;unit&quot;:&quot;px&quot;,&quot;size&quot;:&quot;&quot;,&quot;sizes&quot;:[]},&quot;cards_row_gap_mobile&quot;:{&quot;unit&quot;:&quot;px&quot;,&quot;size&quot;:&quot;&quot;,&quot;sizes&quot;:[]},&quot;load_more_spinner&quot;:{&quot;value&quot;:&quot;fas fa-spinner&quot;,&quot;library&quot;:&quot;fa-solid&quot;}}\" data-widget_type=\"posts.cards\">\n\t\t\t\t<div class=\"elementor-widget-container\">\n\t\t\t\t\t\t\t<div class=\"elementor-posts-container elementor-posts elementor-posts--skin-cards elementor-grid\" role=\"list\">\n\t\t\t\t<article class=\"elementor-post elementor-grid-item post-19102 post type-post status-publish format-standard hentry category-articles-de\" role=\"listitem\">\n\t\t\t<div class=\"elementor-post__card\">\n\t\t\t\t<div class=\"elementor-post__text\">\n\t\t\t\t<h3 class=\"elementor-post__title\">\n\t\t\t<a href=\"https:\/\/viamedici.com\/de\/was-ist-master-data-management-mdm-und-warum-ist-stammdatenmanagement-wichtig\/\" target=&quot;_blank&quot;>\n\t\t\t\tWas ist Master Data Management (MDM) und warum ist Stammdatenmanagement wichtig?\t\t\t<\/a>\n\t\t<\/h3>\n\t\t\t\t\t<div class=\"elementor-post__read-more-wrapper\">\n\t\t\n\t\t<a class=\"elementor-post__read-more\" href=\"https:\/\/viamedici.com\/de\/was-ist-master-data-management-mdm-und-warum-ist-stammdatenmanagement-wichtig\/\" aria-label=\"Mehr \u00fcber Was ist Master Data Management (MDM) und warum ist Stammdatenmanagement wichtig?\" tabindex=\"-1\" target=\"_blank\">\n\t\t\tmehr lesen \u00bb\t\t<\/a>\n\n\t\t\t\t\t<\/div>\n\t\t\t\t<\/div>\n\t\t\t\t<div class=\"elementor-post__meta-data\">\n\t\t\t\t\t<span class=\"elementor-post-date\">\n\t\t\t30 M\u00e4rz, 2026\t\t<\/span>\n\t\t\t\t<\/div>\n\t\t\t\t\t<\/div>\n\t\t<\/article>\n\t\t\t\t<article class=\"elementor-post elementor-grid-item post-19073 post type-post status-publish format-standard hentry category-articles-de\" role=\"listitem\">\n\t\t\t<div class=\"elementor-post__card\">\n\t\t\t\t<div class=\"elementor-post__text\">\n\t\t\t\t<h3 class=\"elementor-post__title\">\n\t\t\t<a href=\"https:\/\/viamedici.com\/de\/was-ist-ein-produktkonfigurator-und-was-bedeutet-hca\/\" target=&quot;_blank&quot;>\n\t\t\t\tWas ist ein Produktkonfigurator und was bedeutet HCA?\t\t\t<\/a>\n\t\t<\/h3>\n\t\t\t\t\t<div class=\"elementor-post__read-more-wrapper\">\n\t\t\n\t\t<a class=\"elementor-post__read-more\" href=\"https:\/\/viamedici.com\/de\/was-ist-ein-produktkonfigurator-und-was-bedeutet-hca\/\" aria-label=\"Mehr \u00fcber Was ist ein Produktkonfigurator und was bedeutet HCA?\" tabindex=\"-1\" target=\"_blank\">\n\t\t\tmehr lesen \u00bb\t\t<\/a>\n\n\t\t\t\t\t<\/div>\n\t\t\t\t<\/div>\n\t\t\t\t<div class=\"elementor-post__meta-data\">\n\t\t\t\t\t<span class=\"elementor-post-date\">\n\t\t\t29 M\u00e4rz, 2026\t\t<\/span>\n\t\t\t\t<\/div>\n\t\t\t\t\t<\/div>\n\t\t<\/article>\n\t\t\t\t<article class=\"elementor-post elementor-grid-item post-19061 post type-post status-publish format-standard has-post-thumbnail hentry category-articles\" role=\"listitem\">\n\t\t\t<div class=\"elementor-post__card\">\n\t\t\t\t<a class=\"elementor-post__thumbnail__link\" href=\"https:\/\/viamedici.com\/de\/was-ist-digital-asset-management\/\" tabindex=\"-1\" target=\"_blank\"><div class=\"elementor-post__thumbnail\"><img fetchpriority=\"high\" decoding=\"async\" width=\"768\" height=\"432\" src=\"https:\/\/viamedici.com\/wp-content\/uploads\/2026\/03\/VM-Blog-Banner_NEW-1-768x432.jpg\" class=\"attachment-medium_large size-medium_large wp-image-19053\" alt=\"\" srcset=\"https:\/\/viamedici.com\/wp-content\/uploads\/2026\/03\/VM-Blog-Banner_NEW-1-768x432.jpg 768w, https:\/\/viamedici.com\/wp-content\/uploads\/2026\/03\/VM-Blog-Banner_NEW-1-300x169.jpg 300w, https:\/\/viamedici.com\/wp-content\/uploads\/2026\/03\/VM-Blog-Banner_NEW-1-1024x576.jpg 1024w, https:\/\/viamedici.com\/wp-content\/uploads\/2026\/03\/VM-Blog-Banner_NEW-1.jpg 1422w\" sizes=\"(max-width: 768px) 100vw, 768px\" \/><\/div><\/a>\n\t\t\t\t<div class=\"elementor-post__text\">\n\t\t\t\t<h3 class=\"elementor-post__title\">\n\t\t\t<a href=\"https:\/\/viamedici.com\/de\/was-ist-digital-asset-management\/\" target=&quot;_blank&quot;>\n\t\t\t\tWas ist Digital Asset Management?\t\t\t<\/a>\n\t\t<\/h3>\n\t\t\t\t\t<div class=\"elementor-post__read-more-wrapper\">\n\t\t\n\t\t<a class=\"elementor-post__read-more\" href=\"https:\/\/viamedici.com\/de\/was-ist-digital-asset-management\/\" aria-label=\"Mehr \u00fcber Was ist Digital Asset Management?\" tabindex=\"-1\" target=\"_blank\">\n\t\t\tmehr lesen \u00bb\t\t<\/a>\n\n\t\t\t\t\t<\/div>\n\t\t\t\t<\/div>\n\t\t\t\t<div class=\"elementor-post__meta-data\">\n\t\t\t\t\t<span class=\"elementor-post-date\">\n\t\t\t29 M\u00e4rz, 2026\t\t<\/span>\n\t\t\t\t<\/div>\n\t\t\t\t\t<\/div>\n\t\t<\/article>\n\t\t\t\t<article class=\"elementor-post elementor-grid-item post-18393 post type-post status-publish format-standard has-post-thumbnail hentry category-viamedici-insight\" role=\"listitem\">\n\t\t\t<div class=\"elementor-post__card\">\n\t\t\t\t<a class=\"elementor-post__thumbnail__link\" href=\"https:\/\/viamedici.com\/de\/epim-feature-requests-neu-gedacht\/\" tabindex=\"-1\" target=\"_blank\"><div class=\"elementor-post__thumbnail\"><img decoding=\"async\" width=\"167\" height=\"167\" src=\"https:\/\/viamedici.com\/wp-content\/uploads\/2026\/02\/thumbnail-EPIM-2.jpg\" class=\"attachment-medium_large size-medium_large wp-image-18397\" alt=\"\" srcset=\"https:\/\/viamedici.com\/wp-content\/uploads\/2026\/02\/thumbnail-EPIM-2.jpg 167w, https:\/\/viamedici.com\/wp-content\/uploads\/2026\/02\/thumbnail-EPIM-2-150x150.jpg 150w\" sizes=\"(max-width: 167px) 100vw, 167px\" \/><\/div><\/a>\n\t\t\t\t<div class=\"elementor-post__text\">\n\t\t\t\t<h3 class=\"elementor-post__title\">\n\t\t\t<a href=\"https:\/\/viamedici.com\/de\/epim-feature-requests-neu-gedacht\/\" target=&quot;_blank&quot;>\n\t\t\t\tEPIM-Feature-Requests neu gedacht\t\t\t<\/a>\n\t\t<\/h3>\n\t\t\t\t\t<div class=\"elementor-post__read-more-wrapper\">\n\t\t\n\t\t<a class=\"elementor-post__read-more\" href=\"https:\/\/viamedici.com\/de\/epim-feature-requests-neu-gedacht\/\" aria-label=\"Mehr \u00fcber EPIM-Feature-Requests neu gedacht\" tabindex=\"-1\" target=\"_blank\">\n\t\t\tmehr lesen \u00bb\t\t<\/a>\n\n\t\t\t\t\t<\/div>\n\t\t\t\t<\/div>\n\t\t\t\t<div class=\"elementor-post__meta-data\">\n\t\t\t\t\t<span class=\"elementor-post-date\">\n\t\t\t13 Februar, 2026\t\t<\/span>\n\t\t\t\t<\/div>\n\t\t\t\t\t<\/div>\n\t\t<\/article>\n\t\t\t\t<article class=\"elementor-post elementor-grid-item post-18385 post type-post status-publish format-standard has-post-thumbnail hentry category-viamedici-insight\" role=\"listitem\">\n\t\t\t<div class=\"elementor-post__card\">\n\t\t\t\t<a class=\"elementor-post__thumbnail__link\" href=\"https:\/\/viamedici.com\/de\/epim-5-update-3-webinaraufzeichnung\/\" tabindex=\"-1\" target=\"_blank\"><div class=\"elementor-post__thumbnail\"><img decoding=\"async\" width=\"156\" height=\"156\" src=\"https:\/\/viamedici.com\/wp-content\/uploads\/2026\/02\/thumbs-EPIM-5-Update-3-06.jpg\" class=\"attachment-medium_large size-medium_large wp-image-18383\" alt=\"\" srcset=\"https:\/\/viamedici.com\/wp-content\/uploads\/2026\/02\/thumbs-EPIM-5-Update-3-06.jpg 156w, https:\/\/viamedici.com\/wp-content\/uploads\/2026\/02\/thumbs-EPIM-5-Update-3-06-150x150.jpg 150w\" sizes=\"(max-width: 156px) 100vw, 156px\" \/><\/div><\/a>\n\t\t\t\t<div class=\"elementor-post__text\">\n\t\t\t\t<h3 class=\"elementor-post__title\">\n\t\t\t<a href=\"https:\/\/viamedici.com\/de\/epim-5-update-3-webinaraufzeichnung\/\" target=&quot;_blank&quot;>\n\t\t\t\tEPIM\/5 Update 3 Webinaraufzeichnung\t\t\t<\/a>\n\t\t<\/h3>\n\t\t\t\t\t<div class=\"elementor-post__read-more-wrapper\">\n\t\t\n\t\t<a class=\"elementor-post__read-more\" href=\"https:\/\/viamedici.com\/de\/epim-5-update-3-webinaraufzeichnung\/\" aria-label=\"Mehr \u00fcber EPIM\/5 Update 3 Webinaraufzeichnung\" tabindex=\"-1\" target=\"_blank\">\n\t\t\tmehr lesen \u00bb\t\t<\/a>\n\n\t\t\t\t\t<\/div>\n\t\t\t\t<\/div>\n\t\t\t\t<div class=\"elementor-post__meta-data\">\n\t\t\t\t\t<span class=\"elementor-post-date\">\n\t\t\t2 Februar, 2026\t\t<\/span>\n\t\t\t\t<\/div>\n\t\t\t\t\t<\/div>\n\t\t<\/article>\n\t\t\t\t<article class=\"elementor-post elementor-grid-item post-17966 post type-post status-publish format-standard has-post-thumbnail hentry category-viamedici-insight\" role=\"listitem\">\n\t\t\t<div class=\"elementor-post__card\">\n\t\t\t\t<a class=\"elementor-post__thumbnail__link\" href=\"https:\/\/viamedici.com\/de\/epim-5-update-3-vorschau\/\" tabindex=\"-1\" target=\"_blank\"><div class=\"elementor-post__thumbnail\"><img loading=\"lazy\" decoding=\"async\" width=\"312\" height=\"312\" src=\"https:\/\/viamedici.com\/wp-content\/uploads\/2026\/01\/thumbs-EPI5-UPDATE-3-DE.jpg\" class=\"attachment-medium_large size-medium_large wp-image-18319\" alt=\"\" srcset=\"https:\/\/viamedici.com\/wp-content\/uploads\/2026\/01\/thumbs-EPI5-UPDATE-3-DE.jpg 312w, https:\/\/viamedici.com\/wp-content\/uploads\/2026\/01\/thumbs-EPI5-UPDATE-3-DE-300x300.jpg 300w, https:\/\/viamedici.com\/wp-content\/uploads\/2026\/01\/thumbs-EPI5-UPDATE-3-DE-150x150.jpg 150w\" sizes=\"(max-width: 312px) 100vw, 312px\" \/><\/div><\/a>\n\t\t\t\t<div class=\"elementor-post__text\">\n\t\t\t\t<h3 class=\"elementor-post__title\">\n\t\t\t<a href=\"https:\/\/viamedici.com\/de\/epim-5-update-3-vorschau\/\" target=&quot;_blank&quot;>\n\t\t\t\tEPIM\/5 Update 3 Vorschau\t\t\t<\/a>\n\t\t<\/h3>\n\t\t\t\t\t<div class=\"elementor-post__read-more-wrapper\">\n\t\t\n\t\t<a class=\"elementor-post__read-more\" href=\"https:\/\/viamedici.com\/de\/epim-5-update-3-vorschau\/\" aria-label=\"Mehr \u00fcber EPIM\/5 Update 3 Vorschau\" tabindex=\"-1\" target=\"_blank\">\n\t\t\tmehr lesen \u00bb\t\t<\/a>\n\n\t\t\t\t\t<\/div>\n\t\t\t\t<\/div>\n\t\t\t\t<div class=\"elementor-post__meta-data\">\n\t\t\t\t\t<span class=\"elementor-post-date\">\n\t\t\t23 Januar, 2026\t\t<\/span>\n\t\t\t\t<\/div>\n\t\t\t\t\t<\/div>\n\t\t<\/article>\n\t\t\t\t<article class=\"elementor-post elementor-grid-item post-18302 post type-post status-publish format-standard has-post-thumbnail hentry category-viamedici-insight\" role=\"listitem\">\n\t\t\t<div class=\"elementor-post__card\">\n\t\t\t\t<a class=\"elementor-post__thumbnail__link\" href=\"https:\/\/viamedici.com\/de\/medien-und-produktportal-release-2-0-de\/\" tabindex=\"-1\" target=\"_blank\"><div class=\"elementor-post__thumbnail\"><img loading=\"lazy\" decoding=\"async\" width=\"312\" height=\"312\" src=\"https:\/\/viamedici.com\/wp-content\/uploads\/2026\/01\/thumbs-Media-and-product-portal-DE.jpg\" class=\"attachment-medium_large size-medium_large wp-image-18344\" alt=\"\" srcset=\"https:\/\/viamedici.com\/wp-content\/uploads\/2026\/01\/thumbs-Media-and-product-portal-DE.jpg 312w, https:\/\/viamedici.com\/wp-content\/uploads\/2026\/01\/thumbs-Media-and-product-portal-DE-300x300.jpg 300w, https:\/\/viamedici.com\/wp-content\/uploads\/2026\/01\/thumbs-Media-and-product-portal-DE-150x150.jpg 150w\" sizes=\"(max-width: 312px) 100vw, 312px\" \/><\/div><\/a>\n\t\t\t\t<div class=\"elementor-post__text\">\n\t\t\t\t<h3 class=\"elementor-post__title\">\n\t\t\t<a href=\"https:\/\/viamedici.com\/de\/medien-und-produktportal-release-2-0-de\/\" target=&quot;_blank&quot;>\n\t\t\t\tMedien- und Produktportal Release 2.0\t\t\t<\/a>\n\t\t<\/h3>\n\t\t\t\t\t<div class=\"elementor-post__read-more-wrapper\">\n\t\t\n\t\t<a class=\"elementor-post__read-more\" href=\"https:\/\/viamedici.com\/de\/medien-und-produktportal-release-2-0-de\/\" aria-label=\"Mehr \u00fcber Medien- und Produktportal Release 2.0\" tabindex=\"-1\" target=\"_blank\">\n\t\t\tmehr lesen \u00bb\t\t<\/a>\n\n\t\t\t\t\t<\/div>\n\t\t\t\t<\/div>\n\t\t\t\t<div class=\"elementor-post__meta-data\">\n\t\t\t\t\t<span class=\"elementor-post-date\">\n\t\t\t22 Januar, 2026\t\t<\/span>\n\t\t\t\t<\/div>\n\t\t\t\t\t<\/div>\n\t\t<\/article>\n\t\t\t\t<article class=\"elementor-post elementor-grid-item post-17898 post type-post status-publish format-standard has-post-thumbnail hentry category-viamedici-insight\" role=\"listitem\">\n\t\t\t<div class=\"elementor-post__card\">\n\t\t\t\t<a class=\"elementor-post__thumbnail__link\" href=\"https:\/\/viamedici.com\/de\/intelligenteres-print-publishing-was-gibt-es-neues-bei-print-visual\/\" tabindex=\"-1\" target=\"_blank\"><div class=\"elementor-post__thumbnail\"><img loading=\"lazy\" decoding=\"async\" width=\"334\" height=\"334\" src=\"https:\/\/viamedici.com\/wp-content\/uploads\/2025\/11\/thumbnail-INTELLIGENTERES-29.jpg\" class=\"attachment-medium_large size-medium_large wp-image-17879\" alt=\"\" srcset=\"https:\/\/viamedici.com\/wp-content\/uploads\/2025\/11\/thumbnail-INTELLIGENTERES-29.jpg 334w, https:\/\/viamedici.com\/wp-content\/uploads\/2025\/11\/thumbnail-INTELLIGENTERES-29-300x300.jpg 300w, https:\/\/viamedici.com\/wp-content\/uploads\/2025\/11\/thumbnail-INTELLIGENTERES-29-150x150.jpg 150w\" sizes=\"(max-width: 334px) 100vw, 334px\" \/><\/div><\/a>\n\t\t\t\t<div class=\"elementor-post__text\">\n\t\t\t\t<h3 class=\"elementor-post__title\">\n\t\t\t<a href=\"https:\/\/viamedici.com\/de\/intelligenteres-print-publishing-was-gibt-es-neues-bei-print-visual\/\" target=&quot;_blank&quot;>\n\t\t\t\tIntelligenteres Print-Publishing: Was gibt es neues bei Print Visual\t\t\t<\/a>\n\t\t<\/h3>\n\t\t\t\t\t<div class=\"elementor-post__read-more-wrapper\">\n\t\t\n\t\t<a class=\"elementor-post__read-more\" href=\"https:\/\/viamedici.com\/de\/intelligenteres-print-publishing-was-gibt-es-neues-bei-print-visual\/\" aria-label=\"Mehr \u00fcber Intelligenteres Print-Publishing: Was gibt es neues bei Print Visual\" tabindex=\"-1\" target=\"_blank\">\n\t\t\tmehr lesen \u00bb\t\t<\/a>\n\n\t\t\t\t\t<\/div>\n\t\t\t\t<\/div>\n\t\t\t\t<div class=\"elementor-post__meta-data\">\n\t\t\t\t\t<span class=\"elementor-post-date\">\n\t\t\t10 November, 2025\t\t<\/span>\n\t\t\t\t<\/div>\n\t\t\t\t\t<\/div>\n\t\t<\/article>\n\t\t\t\t<article class=\"elementor-post elementor-grid-item post-17627 post type-post status-publish format-standard has-post-thumbnail hentry category-viamedici-insight\" role=\"listitem\">\n\t\t\t<div class=\"elementor-post__card\">\n\t\t\t\t<a class=\"elementor-post__thumbnail__link\" href=\"https:\/\/viamedici.com\/de\/spc-die-smarte-loesung-fuer-konfigurierbare-produkte\/\" tabindex=\"-1\" target=\"_blank\"><div class=\"elementor-post__thumbnail\"><img loading=\"lazy\" decoding=\"async\" width=\"334\" height=\"334\" src=\"https:\/\/viamedici.com\/wp-content\/uploads\/2025\/10\/thumbnail-SPC-DE.jpg\" class=\"attachment-medium_large size-medium_large wp-image-17629\" alt=\"\" srcset=\"https:\/\/viamedici.com\/wp-content\/uploads\/2025\/10\/thumbnail-SPC-DE.jpg 334w, https:\/\/viamedici.com\/wp-content\/uploads\/2025\/10\/thumbnail-SPC-DE-300x300.jpg 300w, https:\/\/viamedici.com\/wp-content\/uploads\/2025\/10\/thumbnail-SPC-DE-150x150.jpg 150w\" sizes=\"(max-width: 334px) 100vw, 334px\" \/><\/div><\/a>\n\t\t\t\t<div class=\"elementor-post__text\">\n\t\t\t\t<h3 class=\"elementor-post__title\">\n\t\t\t<a href=\"https:\/\/viamedici.com\/de\/spc-die-smarte-loesung-fuer-konfigurierbare-produkte\/\" target=&quot;_blank&quot;>\n\t\t\t\tSPC &#8211; Die smarte L\u00f6sung f\u00fcr konfigurierbare Produkte\t\t\t<\/a>\n\t\t<\/h3>\n\t\t\t\t\t<div class=\"elementor-post__read-more-wrapper\">\n\t\t\n\t\t<a class=\"elementor-post__read-more\" href=\"https:\/\/viamedici.com\/de\/spc-die-smarte-loesung-fuer-konfigurierbare-produkte\/\" aria-label=\"Mehr \u00fcber SPC &#8211; Die smarte L\u00f6sung f\u00fcr konfigurierbare Produkte\" tabindex=\"-1\" target=\"_blank\">\n\t\t\tmehr lesen \u00bb\t\t<\/a>\n\n\t\t\t\t\t<\/div>\n\t\t\t\t<\/div>\n\t\t\t\t<div class=\"elementor-post__meta-data\">\n\t\t\t\t\t<span class=\"elementor-post-date\">\n\t\t\t17 Oktober, 2025\t\t<\/span>\n\t\t\t\t<\/div>\n\t\t\t\t\t<\/div>\n\t\t<\/article>\n\t\t\t\t<article class=\"elementor-post elementor-grid-item post-17600 post type-post status-publish format-standard has-post-thumbnail hentry category-viamedici-insight\" role=\"listitem\">\n\t\t\t<div class=\"elementor-post__card\">\n\t\t\t\t<a class=\"elementor-post__thumbnail__link\" href=\"https:\/\/viamedici.com\/de\/customer-care-2025-innovation-menschen-technologie\/\" tabindex=\"-1\" target=\"_blank\"><div class=\"elementor-post__thumbnail\"><img loading=\"lazy\" decoding=\"async\" width=\"100\" height=\"100\" src=\"https:\/\/viamedici.com\/wp-content\/uploads\/2025\/10\/thumbnail-CUSTOMER-CARE-DE-e1760625396574.jpg\" class=\"attachment-medium_large size-medium_large wp-image-17623\" alt=\"\" \/><\/div><\/a>\n\t\t\t\t<div class=\"elementor-post__text\">\n\t\t\t\t<h3 class=\"elementor-post__title\">\n\t\t\t<a href=\"https:\/\/viamedici.com\/de\/customer-care-2025-innovation-menschen-technologie\/\" target=&quot;_blank&quot;>\n\t\t\t\tCustomer Care 2025+ &#8211; Innovation, Menschen &#038; Technologie\t\t\t<\/a>\n\t\t<\/h3>\n\t\t\t\t\t<div class=\"elementor-post__read-more-wrapper\">\n\t\t\n\t\t<a class=\"elementor-post__read-more\" href=\"https:\/\/viamedici.com\/de\/customer-care-2025-innovation-menschen-technologie\/\" aria-label=\"Mehr \u00fcber Customer Care 2025+ &#8211; Innovation, Menschen &#038; Technologie\" tabindex=\"-1\" target=\"_blank\">\n\t\t\tmehr lesen \u00bb\t\t<\/a>\n\n\t\t\t\t\t<\/div>\n\t\t\t\t<\/div>\n\t\t\t\t<div class=\"elementor-post__meta-data\">\n\t\t\t\t\t<span class=\"elementor-post-date\">\n\t\t\t16 Oktober, 2025\t\t<\/span>\n\t\t\t\t<\/div>\n\t\t\t\t\t<\/div>\n\t\t<\/article>\n\t\t\t\t<article class=\"elementor-post elementor-grid-item post-17372 post type-post status-publish format-standard has-post-thumbnail hentry category-viamedici-insight\" role=\"listitem\">\n\t\t\t<div class=\"elementor-post__card\">\n\t\t\t\t<a class=\"elementor-post__thumbnail__link\" href=\"https:\/\/viamedici.com\/de\/epim-4-update-31-vorschau\/\" tabindex=\"-1\" target=\"_blank\"><div class=\"elementor-post__thumbnail\"><img loading=\"lazy\" decoding=\"async\" width=\"100\" height=\"100\" src=\"https:\/\/viamedici.com\/wp-content\/uploads\/2025\/09\/EPIM-4-Update-31-Blog-Release-Notes-Preview-GERMAN.jpg\" class=\"attachment-medium_large size-medium_large wp-image-17376\" alt=\"\" \/><\/div><\/a>\n\t\t\t\t<div class=\"elementor-post__text\">\n\t\t\t\t<h3 class=\"elementor-post__title\">\n\t\t\t<a href=\"https:\/\/viamedici.com\/de\/epim-4-update-31-vorschau\/\" target=&quot;_blank&quot;>\n\t\t\t\tEPIM 4 Update 31 Vorschau\t\t\t<\/a>\n\t\t<\/h3>\n\t\t\t\t\t<div class=\"elementor-post__read-more-wrapper\">\n\t\t\n\t\t<a class=\"elementor-post__read-more\" href=\"https:\/\/viamedici.com\/de\/epim-4-update-31-vorschau\/\" aria-label=\"Mehr \u00fcber EPIM 4 Update 31 Vorschau\" tabindex=\"-1\" target=\"_blank\">\n\t\t\tmehr lesen \u00bb\t\t<\/a>\n\n\t\t\t\t\t<\/div>\n\t\t\t\t<\/div>\n\t\t\t\t<div class=\"elementor-post__meta-data\">\n\t\t\t\t\t<span class=\"elementor-post-date\">\n\t\t\t5 September, 2025\t\t<\/span>\n\t\t\t\t<\/div>\n\t\t\t\t\t<\/div>\n\t\t<\/article>\n\t\t\t\t<article class=\"elementor-post elementor-grid-item post-17210 post type-post status-publish format-standard has-post-thumbnail hentry category-viamedici-insight\" role=\"listitem\">\n\t\t\t<div class=\"elementor-post__card\">\n\t\t\t\t<a class=\"elementor-post__thumbnail__link\" href=\"https:\/\/viamedici.com\/de\/revolutioniere-deine-produktdaten-entdecke-den-data-expert-in-epim-5\/\" tabindex=\"-1\" target=\"_blank\"><div class=\"elementor-post__thumbnail\"><img loading=\"lazy\" decoding=\"async\" width=\"100\" height=\"100\" src=\"https:\/\/viamedici.com\/wp-content\/uploads\/2025\/08\/thumbnail-viamedici-final-b-14-e1756720516831.jpg\" class=\"attachment-medium_large size-medium_large wp-image-17242\" alt=\"\" \/><\/div><\/a>\n\t\t\t\t<div class=\"elementor-post__text\">\n\t\t\t\t<h3 class=\"elementor-post__title\">\n\t\t\t<a href=\"https:\/\/viamedici.com\/de\/revolutioniere-deine-produktdaten-entdecke-den-data-expert-in-epim-5\/\" target=&quot;_blank&quot;>\n\t\t\t\tRevolutioniere deine Produktdaten: Entdecke den Data Expert in EPIM\/5\t\t\t<\/a>\n\t\t<\/h3>\n\t\t\t\t\t<div class=\"elementor-post__read-more-wrapper\">\n\t\t\n\t\t<a class=\"elementor-post__read-more\" href=\"https:\/\/viamedici.com\/de\/revolutioniere-deine-produktdaten-entdecke-den-data-expert-in-epim-5\/\" aria-label=\"Mehr \u00fcber Revolutioniere deine Produktdaten: Entdecke den Data Expert in EPIM\/5\" tabindex=\"-1\" target=\"_blank\">\n\t\t\tmehr lesen \u00bb\t\t<\/a>\n\n\t\t\t\t\t<\/div>\n\t\t\t\t<\/div>\n\t\t\t\t<div class=\"elementor-post__meta-data\">\n\t\t\t\t\t<span class=\"elementor-post-date\">\n\t\t\t4 September, 2025\t\t<\/span>\n\t\t\t\t<\/div>\n\t\t\t\t\t<\/div>\n\t\t<\/article>\n\t\t\t\t<\/div>\n\t\t\t\t\t<span class=\"e-load-more-spinner\">\n\t\t\t\t<svg aria-hidden=\"true\" class=\"e-font-icon-svg e-fas-spinner\" viewBox=\"0 0 512 512\" xmlns=\"http:\/\/www.w3.org\/2000\/svg\"><path d=\"M304 48c0 26.51-21.49 48-48 48s-48-21.49-48-48 21.49-48 48-48 48 21.49 48 48zm-48 368c-26.51 0-48 21.49-48 48s21.49 48 48 48 48-21.49 48-48-21.49-48-48-48zm208-208c-26.51 0-48 21.49-48 48s21.49 48 48 48 48-21.49 48-48-21.49-48-48-48zM96 256c0-26.51-21.49-48-48-48S0 229.49 0 256s21.49 48 48 48 48-21.49 48-48zm12.922 99.078c-26.51 0-48 21.49-48 48s21.49 48 48 48 48-21.49 48-48c0-26.509-21.491-48-48-48zm294.156 0c-26.51 0-48 21.49-48 48s21.49 48 48 48 48-21.49 48-48c0-26.509-21.49-48-48-48zM108.922 60.922c-26.51 0-48 21.49-48 48s21.49 48 48 48 48-21.49 48-48-21.491-48-48-48z\"><\/path><\/svg>\t\t\t<\/span>\n\t\t\n\t\t\t\t<div class=\"e-load-more-anchor\" data-page=\"1\" data-max-page=\"4\" data-next-page=\"https:\/\/viamedici.com\/de\/wp-json\/wp\/v2\/pages\/6835\/page\/2\/\"><\/div>\n\t\t\t\t<div class=\"elementor-button-wrapper\">\n\t\t\t<a class=\"elementor-button elementor-size-sm\" role=\"button\">\n\t\t\t\t\t\t<span class=\"elementor-button-content-wrapper\">\n\t\t\t\t\t\t\t\t\t<span class=\"elementor-button-text\">Load More<\/span>\n\t\t\t\t\t<\/span>\n\t\t\t\t\t<\/a>\n\t\t<\/div>\n\t\t\t\t<div class=\"e-load-more-message\"><\/div>\n\t\t\t\t\t\t<\/div>\n\t\t\t\t<\/div>\n\t\t\t\t\t<\/div>\n\t\t\t\t<\/div>\n\t\t\t\t<\/div>\n\t\t","protected":false},"excerpt":{"rendered":"","protected":false},"author":1,"featured_media":2442,"parent":6786,"menu_order":0,"comment_status":"closed","ping_status":"closed","template":"","meta":{"_acf_changed":false,"content-type":"","footnotes":""},"class_list":["post-6835","page","type-page","status-publish","has-post-thumbnail","hentry"],"acf":[],"_links":{"self":[{"href":"https:\/\/viamedici.com\/de\/wp-json\/wp\/v2\/pages\/6835","targetHints":{"allow":["GET"]}}],"collection":[{"href":"https:\/\/viamedici.com\/de\/wp-json\/wp\/v2\/pages"}],"about":[{"href":"https:\/\/viamedici.com\/de\/wp-json\/wp\/v2\/types\/page"}],"author":[{"embeddable":true,"href":"https:\/\/viamedici.com\/de\/wp-json\/wp\/v2\/users\/1"}],"replies":[{"embeddable":true,"href":"https:\/\/viamedici.com\/de\/wp-json\/wp\/v2\/comments?post=6835"}],"version-history":[{"count":1,"href":"https:\/\/viamedici.com\/de\/wp-json\/wp\/v2\/pages\/6835\/revisions"}],"predecessor-version":[{"id":13934,"href":"https:\/\/viamedici.com\/de\/wp-json\/wp\/v2\/pages\/6835\/revisions\/13934"}],"up":[{"embeddable":true,"href":"https:\/\/viamedici.com\/de\/wp-json\/wp\/v2\/pages\/6786"}],"wp:featuredmedia":[{"embeddable":true,"href":"https:\/\/viamedici.com\/de\/wp-json\/wp\/v2\/media\/2442"}],"wp:attachment":[{"href":"https:\/\/viamedici.com\/de\/wp-json\/wp\/v2\/media?parent=6835"}],"curies":[{"name":"wp","href":"https:\/\/api.w.org\/{rel}","templated":true}]}}